{"id":894,"date":"2025-12-03T10:58:57","date_gmt":"2025-12-03T10:58:57","guid":{"rendered":"https:\/\/maxtourhurghada.com\/Trip\/dolphin-house-excursion-dune-journee-complete-a-hurghada\/"},"modified":"2026-01-08T13:13:28","modified_gmt":"2026-01-08T13:13:28","slug":"dolphin-house-excursion-dune-journee-complete-a-hurghada","status":"publish","type":"product","link":"https:\/\/maxtourhurghada.com\/fr\/Trip\/dolphin-house-excursion-dune-journee-complete-a-hurghada\/","title":{"rendered":"Dolphin House \u2013 Excursion d&rsquo;une journ\u00e9e compl\u00e8te \u00e0 Hurghada"},"content":{"rendered":"<h2 style=\"color: #1d184b;\">Dolphin House \u2013 Excursion d&rsquo;une journ\u00e9e compl\u00e8te \u00e0 Hurghada<\/h2>\n<p><strong>Nagez avec les dauphins et explorez des r\u00e9cifs coralliens color\u00e9s<\/strong><br \/>\nL&rsquo;excursion d&rsquo;une journ\u00e9e compl\u00e8te \u00e0 la Dolphin House est une exp\u00e9rience unique et inoubliable \u00e0 Hurghada. Cette excursion combine la plong\u00e9e avec tuba dans la mer Rouge, la nage avec des dauphins espi\u00e8gles dans une zone s\u00e9curis\u00e9e et une journ\u00e9e compl\u00e8te sur un bateau spacieux et confortable. Guid\u00e9 par deux amis locaux originaires d&rsquo;Hurghada, ce voyage est con\u00e7u pour vous offrir une aventure personnelle et m\u00e9morable.<br \/>\nAvec de la musique \u00e0 bord, des fruits frais tout au long de la journ\u00e9e, un d\u00e9jeuner et des boissons \u00e0 volont\u00e9, vous pouvez vous d\u00e9tendre, profiter de la vue et vous pr\u00e9parer \u00e0 l&rsquo;aventure.<br \/>\nParfait pour tous les \u00e2ges, ce voyage combine exploration, d\u00e9tente et une occasion rare de d\u00e9couvrir de pr\u00e8s la vie marine de la mer Rouge.<\/p>\n<h3 style=\"color: #f57a20;\">D\u00e9tails du voyage<\/h3>\n<ul>\n<li>Dur\u00e9e : 9 h 00 \u2013 16 h 00<\/li>\n<li>Jours : Tous les jours<\/li>\n<li>Excursion d&rsquo;une journ\u00e9e compl\u00e8te : environ 7 heures<\/li>\n<\/ul>\n<h3 style=\"color: #1d184b;\">Programme<\/h3>\n<ul>\n<li>D\u00e9part de la marina<\/li>\n<li>Montez \u00e0 bord du bateau et commencez votre journ\u00e9e passionnante \u00e0 la d\u00e9couverte de la mer Rouge.<\/li>\n<li>Plong\u00e9e avec tuba \u2013 2 sites r\u00e9cifaux color\u00e9s : d\u00e9couvrez deux magnifiques zones r\u00e9cifales regorgeant de poissons color\u00e9s, notamment des poissons-clowns, des poissons-perroquets, des poissons-anges et bien d&rsquo;autres encore. L&rsquo;\u00e9quipement de plong\u00e9e (masque, palmes, gilet de sauvetage) est fourni, avec des conseils dans l&rsquo;eau.<\/li>\n<li>\u00c0 la recherche des dauphins : nous passons toute la journ\u00e9e \u00e0 explorer la mer Rouge \u00e0 la recherche de dauphins. Vous aurez la possibilit\u00e9 de nager avec eux dans une zone s\u00e9curis\u00e9e, afin qu&rsquo;ils ne soient jamais stress\u00e9s ni d\u00e9rang\u00e9s. Cela rend l&rsquo;exp\u00e9rience agr\u00e9able et s\u00e9curitaire tant pour vous que pour les dauphins.<\/li>\n<li>D\u00e9tente sur le bateau et d\u00e9jeuner : pendant la croisi\u00e8re, vous pourrez vous d\u00e9tendre sur le bateau spacieux, profiter du soleil, admirer la vue sur la mer et d\u00e9guster votre d\u00e9jeuner buffet servi \u00e0 bord, accompagn\u00e9 de boissons sans alcool, d&rsquo;eau et de fruits frais \u00e0 volont\u00e9.<\/li>\n<li>Retour \u00e0 la marina<\/li>\n<\/ul>\n<h3 style=\"color: #f57a20;\">Included<\/h3>\n<ul>\n<li>Excursion en bateau avec 2 arr\u00eats pour faire de la plong\u00e9e avec tuba<\/li>\n<li>\u00c9quipement de plong\u00e9e avec tuba<\/li>\n<li>D\u00e9jeuner buffet sur le bateau<\/li>\n<li>Boissons \u00e0 volont\u00e9 et fruits frais<\/li>\n<li>Conseils de deux h\u00f4tes locaux<\/li>\n<li>Observation des dauphins dans une zone s\u00e9curis\u00e9e<\/li>\n<\/ul>\n<h3 style=\"color: #1d184b;\">Pourquoi nous choisir<\/h3>\n<ul>\n<li>Nous guidons personnellement chaque voyage et sommes passionn\u00e9s par le partage de nos connaissances locales et de notre amour pour la mer Rouge.<\/li>\n<li>Nous veillons \u00e0 ce que tout le monde se sente \u00e0 l&rsquo;aise, en s\u00e9curit\u00e9 et enthousiaste, qu&rsquo;il s&rsquo;agisse de leur premi\u00e8re plong\u00e9e avec tuba ou de leur premi\u00e8re rencontre avec des dauphins.<\/li>\n<li>Nous vous aidons \u00e0 prendre de superbes photos et vous guidons vers les meilleurs endroits de la r\u00e9gion.<\/li>\n<li>M\u00eame s&rsquo;il s&rsquo;agit d&rsquo;un bateau plus grand, nous veillons \u00e0 ce que l&rsquo;exp\u00e9rience reste personnelle et conviviale, en accordant \u00e0 chacun attention et soutien.<\/li>\n<li>Notre objectif est de rendre votre journ\u00e9e m\u00e9morable, d\u00e9tendue et vraiment sp\u00e9ciale, comme si vous passiez la journ\u00e9e avec des amis qui se soucient de votre exp\u00e9rience.<\/li>\n<\/ul>\n<h3 style=\"color: #f57a20;\">Quoi apporter<\/h3>\n<ul>\n<li>Serviette, cr\u00e8me solaire, lunettes de soleil, chapeau, appareil photo\/GoPro<\/li>\n<\/ul>\n<p><strong>Pour toute demande particuli\u00e8re ou question, veuillez nous contacter directement.<\/strong><\/p>\n","protected":false},"excerpt":{"rendered":"<p>Excursion d&rsquo;une journ\u00e9e compl\u00e8te \u00e0 Dolphin House avec plong\u00e9e en apn\u00e9e, dauphins et aventure.<\/p>\n","protected":false},"featured_media":1036,"comment_status":"open","ping_status":"closed","template":"","meta":[],"product_brand":[],"product_cat":[54],"product_tag":[],"class_list":{"0":"post-894","1":"product","2":"type-product","3":"status-publish","4":"has-post-thumbnail","6":"product_cat-non-categorise","8":"first","9":"instock","10":"shipping-taxable","11":"purchasable","12":"product-type-simple"},"_links":{"self":[{"href":"https:\/\/maxtourhurghada.com\/fr\/wp-json\/wp\/v2\/product\/894","targetHints":{"allow":["GET"]}}],"collection":[{"href":"https:\/\/maxtourhurghada.com\/fr\/wp-json\/wp\/v2\/product"}],"about":[{"href":"https:\/\/maxtourhurghada.com\/fr\/wp-json\/wp\/v2\/types\/product"}],"replies":[{"embeddable":true,"href":"https:\/\/maxtourhurghada.com\/fr\/wp-json\/wp\/v2\/comments?post=894"}],"wp:featuredmedia":[{"embeddable":true,"href":"https:\/\/maxtourhurghada.com\/fr\/wp-json\/wp\/v2\/media\/1036"}],"wp:attachment":[{"href":"https:\/\/maxtourhurghada.com\/fr\/wp-json\/wp\/v2\/media?parent=894"}],"wp:term":[{"taxonomy":"product_brand","embeddable":true,"href":"https:\/\/maxtourhurghada.com\/fr\/wp-json\/wp\/v2\/product_brand?post=894"},{"taxonomy":"product_cat","embeddable":true,"href":"https:\/\/maxtourhurghada.com\/fr\/wp-json\/wp\/v2\/product_cat?post=894"},{"taxonomy":"product_tag","embeddable":true,"href":"https:\/\/maxtourhurghada.com\/fr\/wp-json\/wp\/v2\/product_tag?post=894"}],"curies":[{"name":"wp","href":"https:\/\/api.w.org\/{rel}","templated":true}]}}