{"id":892,"date":"2025-12-03T10:59:06","date_gmt":"2025-12-03T10:59:06","guid":{"rendered":"https:\/\/maxtourhurghada.com\/Trip\/hula-hula-beach-island-excursion-dune-journee-complete-a-hurghada\/"},"modified":"2026-01-08T13:16:51","modified_gmt":"2026-01-08T13:16:51","slug":"hula-hula-beach-island-excursion-dune-journee-complete-a-hurghada","status":"publish","type":"product","link":"https:\/\/maxtourhurghada.com\/fr\/Trip\/hula-hula-beach-island-excursion-dune-journee-complete-a-hurghada\/","title":{"rendered":"Hula Hula Beach Island \u2013 Excursion d&rsquo;une journ\u00e9e compl\u00e8te \u00e0 Hurghada"},"content":{"rendered":"<h3 style=\"color: #1d184b; text-align: left;\">Hula Hula Beach Island \u2013 Excursion d&rsquo;une journ\u00e9e compl\u00e8te \u00e0 Hurghada<\/h3>\n<p>L&rsquo;excursion d&rsquo;une journ\u00e9e compl\u00e8te \u00e0 Hula Hula Beach Island vous propose une exp\u00e9rience baln\u00e9aire amusante, tropicale et \u00e9l\u00e9gante. Profitez de la musique, des espaces de d\u00e9tente et d&rsquo;une atmosph\u00e8re relaxante sous la houlette de deux amis locaux qui vous guideront dans une aventure chaleureuse et personnalis\u00e9e.<\/p>\n<h4 style=\"color: #f57a20;\">\u2b50 D\u00e9tails du voyage<\/h4>\n<ul>\n<li><strong>Dur\u00e9e<\/strong> : 9 h 00 \u2013 16 h 00<\/li>\n<li><strong>Jours<\/strong> : Tous les jours<\/li>\n<li><strong>Type de voyage <\/strong>: Journ\u00e9e compl\u00e8te (~7 heures)<\/li>\n<\/ul>\n<h4 style=\"color: #1d184b;\">\u2b50 Programme<\/h4>\n<ul>\n<li><strong>D\u00e9part de la marina<\/strong><\/li>\n<li><strong>Plong\u00e9e avec tuba \u2013 2 sites magnifiques <\/strong>: explorez des r\u00e9cifs color\u00e9s et des esp\u00e8ces de poissons espi\u00e8gles. \u00c9quipement et conseils inclus.<\/li>\n<li><strong>Deux heures sur l&rsquo;\u00eele de Hula Hula Beach :<\/strong> d\u00e9tendez-vous en musique, profitez des espaces lounge confortables, des coins tropicaux et des eaux chaudes peu profondes.<\/li>\n<li><strong>D\u00e9jeuner sur le bateau <\/strong>: d\u00e9jeuner buffet avec boissons et fruits frais.<\/li>\n<li><strong>Retour \u00e0 la marina<\/strong><\/li>\n<\/ul>\n<h4 style=\"color: #f57a20;\">\u2b50 Inclus<\/h4>\n<ul>\n<li>Excursion en bateau<\/li>\n<li>2 arr\u00eats plong\u00e9e avec tuba<\/li>\n<li>\u00c9quipement de plong\u00e9e avec tuba<\/li>\n<li>D\u00e9jeuner<\/li>\n<li>Boissons et fruits \u00e0 volont\u00e9<\/li>\n<li>Guides locaux<\/li>\n<\/ul>\n<h4 style=\"color: #1d184b;\">\u2b50 Pourquoi nous choisir ?<\/h4>\n<ul>\n<li>Accompagnement personnalis\u00e9 dans une ambiance conviviale, d\u00e9tendue et agr\u00e9able<\/li>\n<li>Des moments agr\u00e9ables pour se d\u00e9tendre ou s&rsquo;amuser en musique<\/li>\n<li>Aide pour d\u00e9couvrir les meilleurs endroits de l&rsquo;\u00eele et prendre des photos<\/li>\n<\/ul>\n<h4 style=\"color: #f57a20;\">\u2b50 Quoi apporter<\/h4>\n<ul>\n<li>Serviette<\/li>\n<li>\u00c9cran solaire<\/li>\n<li>Lunettes de soleil et chapeau<\/li>\n<li>Appareil photo ou GoPro<\/li>\n<\/ul>\n<p><strong>Pour toute demande particuli\u00e8re ou question, veuillez nous contacter directement.<\/strong><\/p>\n","protected":false},"excerpt":{"rendered":"<p>Excursion d&rsquo;une journ\u00e9e \u00e0 Hula Hula Beach avec plong\u00e9e avec tuba, musique et boissons.<\/p>\n","protected":false},"featured_media":755,"comment_status":"open","ping_status":"closed","template":"","meta":[],"product_brand":[],"product_cat":[54],"product_tag":[],"class_list":{"0":"post-892","1":"product","2":"type-product","3":"status-publish","4":"has-post-thumbnail","6":"product_cat-non-categorise","8":"first","9":"instock","10":"sale","11":"shipping-taxable","12":"purchasable","13":"product-type-simple"},"_links":{"self":[{"href":"https:\/\/maxtourhurghada.com\/fr\/wp-json\/wp\/v2\/product\/892","targetHints":{"allow":["GET"]}}],"collection":[{"href":"https:\/\/maxtourhurghada.com\/fr\/wp-json\/wp\/v2\/product"}],"about":[{"href":"https:\/\/maxtourhurghada.com\/fr\/wp-json\/wp\/v2\/types\/product"}],"replies":[{"embeddable":true,"href":"https:\/\/maxtourhurghada.com\/fr\/wp-json\/wp\/v2\/comments?post=892"}],"wp:featuredmedia":[{"embeddable":true,"href":"https:\/\/maxtourhurghada.com\/fr\/wp-json\/wp\/v2\/media\/755"}],"wp:attachment":[{"href":"https:\/\/maxtourhurghada.com\/fr\/wp-json\/wp\/v2\/media?parent=892"}],"wp:term":[{"taxonomy":"product_brand","embeddable":true,"href":"https:\/\/maxtourhurghada.com\/fr\/wp-json\/wp\/v2\/product_brand?post=892"},{"taxonomy":"product_cat","embeddable":true,"href":"https:\/\/maxtourhurghada.com\/fr\/wp-json\/wp\/v2\/product_cat?post=892"},{"taxonomy":"product_tag","embeddable":true,"href":"https:\/\/maxtourhurghada.com\/fr\/wp-json\/wp\/v2\/product_tag?post=892"}],"curies":[{"name":"wp","href":"https:\/\/api.w.org\/{rel}","templated":true}]}}