{"id":885,"date":"2025-12-04T09:25:45","date_gmt":"2025-12-04T09:25:45","guid":{"rendered":"https:\/\/maxtourhurghada.com\/Trip\/excursion-en-hors-bord-personnalisable-hurghada\/"},"modified":"2025-12-14T08:44:49","modified_gmt":"2025-12-14T08:44:49","slug":"excursion-en-hors-bord-personnalisable-hurghada","status":"publish","type":"product","link":"https:\/\/maxtourhurghada.com\/fr\/Trip\/excursion-en-hors-bord-personnalisable-hurghada\/","title":{"rendered":"Excursion en hors-bord personnalisable \u2013 Hurghada"},"content":{"rendered":"<h2 style=\"color: #1d184b;\">Excursion en hors-bord personnalisable \u2013 Hurghada<\/h2>\n<p>Explorez la mer Rouge \u00e0 votre guise lors d&rsquo;une excursion priv\u00e9e et personnalisable en hors-bord \u00e0 Hurghada. Profitez d&rsquo;une balade palpitante, d&rsquo;eaux cristallines et d&rsquo;une aventure flexible con\u00e7ue sp\u00e9cialement pour vous.<\/p>\n<h4 style=\"color: #f57a20;\">\u2b50 D\u00e9tails du voyage<\/h4>\n<ul>\n<li><strong>Dur\u00e9e<\/strong> : 4 heures<\/li>\n<li><strong>Heure<\/strong> : 9 h 00 \u2013 13 h 00<\/li>\n<\/ul>\n<h4 style=\"color: #1d184b;\">\u2b50 Points forts du voyage<\/h4>\n<ul>\n<li>Itin\u00e9raire flexible : choisissez entre des visites d&rsquo;\u00eeles, des arr\u00eats pour faire de la plong\u00e9e avec tuba, l&rsquo;observation des dauphins ou un m\u00e9lange de toutes ces activit\u00e9s.<\/li>\n<li>Rafra\u00eechissements : boissons fournies \u00e0 bord<\/li>\n<li><strong>Balade panoramique<\/strong> : exp\u00e9rience \u00e0 grande vitesse avec une vue imprenable sur la mer Rouge<\/li>\n<\/ul>\n<h4 style=\"color: #f57a20;\">\u2b50 Pourquoi nous choisir ?<\/h4>\n<ul>\n<li>Une exp\u00e9rience en hors-bord s\u00fbre et confortable<\/li>\n<li>Guides locaux exp\u00e9riment\u00e9s<\/li>\n<li>Id\u00e9al pour les amis, les couples et les familles<\/li>\n<li>Voyage enti\u00e8rement personnalis\u00e9 selon vos pr\u00e9f\u00e9rences<\/li>\n<\/ul>\n<h4 style=\"color: #1d184b;\">\u2b50 Inclus<\/h4>\n<ul>\n<li>Promenade en hors-bord<\/li>\n<li>Boissons \u00e0 bord<\/li>\n<li>Plong\u00e9e avec tuba, visite de l&rsquo;\u00eele et\/ou observation des dauphins<\/li>\n<li>Service de guide local<\/li>\n<\/ul>\n<p><strong>Pour toute question ou demande particuli\u00e8re, veuillez nous contacter afin d&rsquo;organiser votre aventure parfaite en mer Rouge.<\/strong><\/p>\n","protected":false},"excerpt":{"rendered":"<p>Aventure priv\u00e9e en hors-bord avec plong\u00e9e libre, visite d&rsquo;\u00eeles et observation des dauphins.<\/p>\n","protected":false},"featured_media":1297,"comment_status":"open","ping_status":"closed","template":"","meta":[],"product_brand":[],"product_cat":[58],"product_tag":[],"class_list":{"0":"post-885","1":"product","2":"type-product","3":"status-publish","4":"has-post-thumbnail","6":"product_cat-matrouh","8":"first","9":"instock","10":"sale","11":"shipping-taxable","12":"purchasable","13":"product-type-simple"},"_links":{"self":[{"href":"https:\/\/maxtourhurghada.com\/fr\/wp-json\/wp\/v2\/product\/885","targetHints":{"allow":["GET"]}}],"collection":[{"href":"https:\/\/maxtourhurghada.com\/fr\/wp-json\/wp\/v2\/product"}],"about":[{"href":"https:\/\/maxtourhurghada.com\/fr\/wp-json\/wp\/v2\/types\/product"}],"replies":[{"embeddable":true,"href":"https:\/\/maxtourhurghada.com\/fr\/wp-json\/wp\/v2\/comments?post=885"}],"wp:featuredmedia":[{"embeddable":true,"href":"https:\/\/maxtourhurghada.com\/fr\/wp-json\/wp\/v2\/media\/1297"}],"wp:attachment":[{"href":"https:\/\/maxtourhurghada.com\/fr\/wp-json\/wp\/v2\/media?parent=885"}],"wp:term":[{"taxonomy":"product_brand","embeddable":true,"href":"https:\/\/maxtourhurghada.com\/fr\/wp-json\/wp\/v2\/product_brand?post=885"},{"taxonomy":"product_cat","embeddable":true,"href":"https:\/\/maxtourhurghada.com\/fr\/wp-json\/wp\/v2\/product_cat?post=885"},{"taxonomy":"product_tag","embeddable":true,"href":"https:\/\/maxtourhurghada.com\/fr\/wp-json\/wp\/v2\/product_tag?post=885"}],"curies":[{"name":"wp","href":"https:\/\/api.w.org\/{rel}","templated":true}]}}