{"id":874,"date":"2025-12-04T09:26:32","date_gmt":"2025-12-04T09:26:32","guid":{"rendered":"https:\/\/maxtourhurghada.com\/Trip\/excursion-en-bateau-a-fond-de-verre-hurghada\/"},"modified":"2025-12-14T08:41:58","modified_gmt":"2025-12-14T08:41:58","slug":"excursion-en-bateau-a-fond-de-verre-hurghada","status":"publish","type":"product","link":"https:\/\/maxtourhurghada.com\/fr\/Trip\/excursion-en-bateau-a-fond-de-verre-hurghada\/","title":{"rendered":"Excursion en bateau \u00e0 fond de verre \u2013 Hurghada"},"content":{"rendered":"<h2 style=\"color: #1d184b;\">Excursion en bateau \u00e0 fond de verre \u2013 Hurghada<\/h2>\n<p>D\u00e9couvrez la beaut\u00e9 de la mer Rouge comme jamais auparavant lors de notre excursion en bateau \u00e0 fond de verre \u00e0 Hurghada. Profitez d&rsquo;un voyage relaxant avec des vues sous-marines \u00e9poustouflantes, un moment de d\u00e9tente sur l&rsquo;\u00eele et des boissons rafra\u00eechissantes.<\/p>\n<h4 style=\"color: #f57a20;\">\u2b50 D\u00e9tails du voyage<\/h4>\n<ul>\n<li>Plages horaires : 9 h 00 \u2013 12 h 00 ou 12 h 00 \u2013 16 h 00<\/li>\n<\/ul>\n<h4 style=\"color: #1d184b;\">\u2b50 Points forts du voyage<\/h4>\n<ul>\n<li><strong>Arr\u00eat plong\u00e9e avec tuba<\/strong> : nagez dans des eaux cristallines et explorez la vie marine color\u00e9e.<\/li>\n<li><strong>Visite de l&rsquo;\u00eele<\/strong> : d\u00e9tendez-vous et profitez d&rsquo;un cadre naturel magnifique<\/li>\n<li><strong>Vues depuis le bateau \u00e0 fond de verre <\/strong>: observez les poissons et les coraux color\u00e9s \u00e0 travers le fond de verre.<\/li>\n<li>Rafra\u00eechissements : fruits frais et boissons servis \u00e0 bord<\/li>\n<\/ul>\n<h4 style=\"color: #f57a20;\">\u2b50 Pourquoi nous choisir ?<\/h4>\n<ul>\n<li>Service personnalis\u00e9 et convivial avec des guides locaux exp\u00e9riment\u00e9s<\/li>\n<li>Exp\u00e9rience s\u00e9curitaire et confortable \u00e0 bord d&rsquo;un bateau \u00e0 fond de verre<\/li>\n<li>Une fa\u00e7on pittoresque et relaxante d&rsquo;explorer la mer Rouge<\/li>\n<\/ul>\n<h4 style=\"color: #1d184b;\">\u2b50 Inclus<\/h4>\n<ul>\n<li>\u00c9quipement de plong\u00e9e avec tuba<\/li>\n<li>Fruits frais et boissons<\/li>\n<li>Excursion en bateau \u00e0 fond de verre<\/li>\n<li>Visite d&rsquo;une \u00eele magnifique<\/li>\n<\/ul>\n<p><strong>Pour toute question ou demande particuli\u00e8re, n&rsquo;h\u00e9sitez pas \u00e0 nous contacter. Nous sommes heureux de vous aider \u00e0 planifier votre voyage id\u00e9al.<\/strong><\/p>\n","protected":false},"excerpt":{"rendered":"<p>Profitez de la vue depuis un bateau \u00e0 fond de verre, faites de la plong\u00e9e avec tuba, visitez l&rsquo;\u00eele et d\u00e9gustez des boissons rafra\u00eechissantes.<\/p>\n","protected":false},"featured_media":1305,"comment_status":"open","ping_status":"closed","template":"","meta":[],"product_brand":[],"product_cat":[54],"product_tag":[],"class_list":{"0":"post-874","1":"product","2":"type-product","3":"status-publish","4":"has-post-thumbnail","6":"product_cat-non-categorise","8":"first","9":"instock","10":"shipping-taxable","11":"purchasable","12":"product-type-simple"},"_links":{"self":[{"href":"https:\/\/maxtourhurghada.com\/fr\/wp-json\/wp\/v2\/product\/874","targetHints":{"allow":["GET"]}}],"collection":[{"href":"https:\/\/maxtourhurghada.com\/fr\/wp-json\/wp\/v2\/product"}],"about":[{"href":"https:\/\/maxtourhurghada.com\/fr\/wp-json\/wp\/v2\/types\/product"}],"replies":[{"embeddable":true,"href":"https:\/\/maxtourhurghada.com\/fr\/wp-json\/wp\/v2\/comments?post=874"}],"wp:featuredmedia":[{"embeddable":true,"href":"https:\/\/maxtourhurghada.com\/fr\/wp-json\/wp\/v2\/media\/1305"}],"wp:attachment":[{"href":"https:\/\/maxtourhurghada.com\/fr\/wp-json\/wp\/v2\/media?parent=874"}],"wp:term":[{"taxonomy":"product_brand","embeddable":true,"href":"https:\/\/maxtourhurghada.com\/fr\/wp-json\/wp\/v2\/product_brand?post=874"},{"taxonomy":"product_cat","embeddable":true,"href":"https:\/\/maxtourhurghada.com\/fr\/wp-json\/wp\/v2\/product_cat?post=874"},{"taxonomy":"product_tag","embeddable":true,"href":"https:\/\/maxtourhurghada.com\/fr\/wp-json\/wp\/v2\/product_tag?post=874"}],"curies":[{"name":"wp","href":"https:\/\/api.w.org\/{rel}","templated":true}]}}