{"id":869,"date":"2025-12-06T20:02:44","date_gmt":"2025-12-06T20:02:44","guid":{"rendered":"https:\/\/maxtourhurghada.com\/Trip\/excursion-dune-journee-a-orange-bay-depuis-hurghada\/"},"modified":"2026-01-08T13:12:14","modified_gmt":"2026-01-08T13:12:14","slug":"excursion-dune-journee-a-orange-bay-depuis-hurghada","status":"publish","type":"product","link":"https:\/\/maxtourhurghada.com\/fr\/Trip\/excursion-dune-journee-a-orange-bay-depuis-hurghada\/","title":{"rendered":"Excursion d&rsquo;une journ\u00e9e \u00e0 Orange Bay depuis Hurghada"},"content":{"rendered":"<h2 style=\"color: #1d184b;\">Excursion d&rsquo;une journ\u00e9e \u00e0 Orange Bay depuis Hurghada<\/h2>\n<p>L&rsquo;excursion d&rsquo;une journ\u00e9e compl\u00e8te \u00e0 Orange Bay est l&rsquo;une des plus belles excursions \u00e0 Hurghada.<br \/>\nElle offre une exp\u00e9rience inoubliable combinant plong\u00e9e avec tuba, d\u00e9tente sur l&rsquo;\u00eele et journ\u00e9e divertissante en bateau. Dirig\u00e9 par deux amis locaux qui vivent \u00e0 Hurghada, ce voyage est con\u00e7u pour vous offrir une aventure personnelle, d\u00e9tendue et agr\u00e9able tout en explorant la mer Rouge et en d\u00e9couvrant des tr\u00e9sors cach\u00e9s.<\/p>\n<p>Avec une excellente musique \u00e0 bord, des fruits frais servis tout au long de la journ\u00e9e et des boissons \u00e0 volont\u00e9,<br \/>\nvous aurez l&rsquo;impression de passer la journ\u00e9e entre amis plut\u00f4t que de faire une simple excursion. Ce voyage est id\u00e9al pour tous les \u00e2ges et tous les niveaux, des d\u00e9butants aux plongeurs exp\u00e9riment\u00e9s.<\/p>\n<h4 style=\"color: #333;\">\u2b50 D\u00e9tails du voyage<\/h4>\n<ul>\n<li><strong>Dur\u00e9e<\/strong> : 9 h 00 \u2013 16 h 00<\/li>\n<li>Jours : Disponible tous les jours<\/li>\n<li><strong>Type de voyage<\/strong> : Excursion d&rsquo;une journ\u00e9e compl\u00e8te (environ 7 heures)<\/li>\n<\/ul>\n<h4 style=\"color: #333;\">\u2b50 Programme<\/h4>\n<p><strong>D\u00e9part de la marina<\/strong><br \/>\nMontez \u00e0 bord du bateau et commencez votre aventure \u00e0 la d\u00e9couverte de la magnifique mer Rouge et de ses environs.<\/p>\n<p>Plong\u00e9e avec tuba \u2013 2 sites<br \/>\nExplorez deux des plus beaux r\u00e9cifs pr\u00e8s d&rsquo;Hurghada. Nagez parmi une faune marine color\u00e9e comprenant des poissons-papillons, des poissons-perroquets, des poissons-anges, des poissons-clowns, des poissons-cochers, des poissons-chirurgiens, des raies pastenagues \u00e0 taches bleues, des balistes Picasso et bien d&rsquo;autres encore. L&rsquo;\u00e9quipement de plong\u00e9e (masque, palmes et gilet de sauvetage) est fourni, et des conseils sont disponibles dans l&rsquo;eau.<\/p>\n<p>Deux heures sur Orange Bay Island<br \/>\nD\u00e9tendez-vous sur le sable blanc et fin et baignez-vous dans une eau turquoise cristalline. Prenez des photos, explorez les environs tropicaux ou profitez simplement de l&rsquo;ambiance de la plage.<\/p>\n<p><strong>D\u00e9jeuner sur le bateau<\/strong><br \/>\nProfitez d&rsquo;un d\u00e9jeuner buffet frais \u00e0 bord avec vue sur la mer. Des boissons gazeuses, de l&rsquo;eau et des fruits frais sont disponibles tout au long de la journ\u00e9e.<\/p>\n<p><strong>Retour \u00e0 la marina<\/strong><br \/>\nApr\u00e8s une journ\u00e9e bien remplie entre plong\u00e9e avec tuba, d\u00e9tente sur l&rsquo;\u00eele et divertissements, le bateau retourne \u00e0 la marina.<\/p>\n<h4 style=\"color: #333;\">\u2b50Inclus<\/h4>\n<ul>\n<li>Excursion en bateau vers Orange Bay avec 2 arr\u00eats pour faire de la plong\u00e9e avec tuba<\/li>\n<li>\u00c9quipement de plong\u00e9e (masque, palmes et gilet de sauvetage)<\/li>\n<li>D\u00e9jeuner buffet \u00e0 bord<\/li>\n<li>Boissons gazeuses, eau et fruits frais \u00e0 volont\u00e9<\/li>\n<li>Accompagnement personnalis\u00e9 par deux h\u00f4tes locaux<\/li>\n<\/ul>\n<h4 style=\"color: #333;\">\u2b50 Pourquoi nous choisir ?<\/h4>\n<ul>\n<li>Visite guid\u00e9e personnalis\u00e9e par deux amis locaux vivant \u00e0 Hurghada<\/li>\n<li>Petits groupes pour plus de confort et de flexibilit\u00e9<\/li>\n<li>Exp\u00e9rience locale authentique de la mer Rouge et d&rsquo;Hurghada<\/li>\n<\/ul>\n<h4 style=\"color: #333;\">\u2b50 Ce que vous devez apporter<\/h4>\n<ul>\n<li>Serviette<\/li>\n<li>\u00c9cran solaire<\/li>\n<li>Lunettes de soleil et chapeau<\/li>\n<li>Appareil photo ou GoPro<\/li>\n<\/ul>\n<p><strong>Pour toute question ou demande particuli\u00e8re, veuillez nous contacter directement.<\/strong><\/p>\n","protected":false},"excerpt":{"rendered":"<p>D\u00e9couvrez Orange Bay avec plong\u00e9e en apn\u00e9e, d\u00e9tente sur l&rsquo;\u00eele, d\u00e9jeuner et boissons \u00e0 volont\u00e9.<\/p>\n","protected":false},"featured_media":1361,"comment_status":"open","ping_status":"closed","template":"","meta":[],"product_brand":[],"product_cat":[54],"product_tag":[],"class_list":{"0":"post-869","1":"product","2":"type-product","3":"status-publish","4":"has-post-thumbnail","6":"product_cat-non-categorise","8":"first","9":"instock","10":"shipping-taxable","11":"purchasable","12":"product-type-simple"},"_links":{"self":[{"href":"https:\/\/maxtourhurghada.com\/fr\/wp-json\/wp\/v2\/product\/869","targetHints":{"allow":["GET"]}}],"collection":[{"href":"https:\/\/maxtourhurghada.com\/fr\/wp-json\/wp\/v2\/product"}],"about":[{"href":"https:\/\/maxtourhurghada.com\/fr\/wp-json\/wp\/v2\/types\/product"}],"replies":[{"embeddable":true,"href":"https:\/\/maxtourhurghada.com\/fr\/wp-json\/wp\/v2\/comments?post=869"}],"wp:featuredmedia":[{"embeddable":true,"href":"https:\/\/maxtourhurghada.com\/fr\/wp-json\/wp\/v2\/media\/1361"}],"wp:attachment":[{"href":"https:\/\/maxtourhurghada.com\/fr\/wp-json\/wp\/v2\/media?parent=869"}],"wp:term":[{"taxonomy":"product_brand","embeddable":true,"href":"https:\/\/maxtourhurghada.com\/fr\/wp-json\/wp\/v2\/product_brand?post=869"},{"taxonomy":"product_cat","embeddable":true,"href":"https:\/\/maxtourhurghada.com\/fr\/wp-json\/wp\/v2\/product_cat?post=869"},{"taxonomy":"product_tag","embeddable":true,"href":"https:\/\/maxtourhurghada.com\/fr\/wp-json\/wp\/v2\/product_tag?post=869"}],"curies":[{"name":"wp","href":"https:\/\/api.w.org\/{rel}","templated":true}]}}