{"id":866,"date":"2025-12-07T09:53:21","date_gmt":"2025-12-07T09:53:21","guid":{"rendered":"https:\/\/maxtourhurghada.com\/Trip\/parachute-ascensionnel-hurghada\/"},"modified":"2025-12-13T21:20:33","modified_gmt":"2025-12-13T21:20:33","slug":"parachute-ascensionnel-hurghada","status":"publish","type":"product","link":"https:\/\/maxtourhurghada.com\/fr\/Trip\/parachute-ascensionnel-hurghada\/","title":{"rendered":"Parachute ascensionnel \u2013 Hurghada"},"content":{"rendered":"<h2 style=\"color: #1d184b;\">Parachute ascensionnel \u2013 Hurghada<\/h2>\n<p><strong><br \/>\n30 minutes au total | En solo ou avec un ami | Envolez-vous \u00e0 60 m\u00e8tres au-dessus de la mer Rouge<\/strong><\/p>\n<p>Vivez le frisson de planer au-dessus de la mer Rouge lors de cette aventure passionnante de parachute ascensionnel \u00e0 Hurghada. Glissez derri\u00e8re un bateau \u00e0 moteur et admirez les vues incroyables sur les eaux turquoise, les plages dor\u00e9es et la c\u00f4te d\u00e9sertique accident\u00e9e. Que vous choisissiez de voler seul ou de partager cette exp\u00e9rience avec un ami, c&rsquo;est une fa\u00e7on unique de d\u00e9couvrir Hurghada vue d&rsquo;en haut.<\/p>\n<h3 style=\"color: #f57a20;\">Faits marquants<\/h3>\n<ul>\n<li>Volez \u00e0 60 m\u00e8tres au-dessus de la mer Rouge pour un vol inoubliable de 15 minutes.<\/li>\n<li>Vols en solo ou en tandem \u2013 parfaits pour une aventure personnelle ou \u00e0 partager avec un ami<\/li>\n<li>Sentez le vent souffler et les embruns rafra\u00eechissants de la mer en contrebas.<\/li>\n<li>Profitez d&rsquo;une vue imprenable sur le littoral, les plages et les paysages d\u00e9sertiques d&rsquo;Hurghada.<\/li>\n<\/ul>\n<p>Cette exp\u00e9rience de parachute ascensionnel est parfaite pour tous ceux qui recherchent l&rsquo;aventure, des vues incroyables et des souvenirs inoubliables. S\u00fbr, facile et accessible, il est id\u00e9al pour les d\u00e9butants comme pour les amateurs de sensations fortes.<\/p>\n<p><strong><br \/>\nSi vous avez des questions ou des demandes particuli\u00e8res, n&rsquo;h\u00e9sitez pas \u00e0 nous contacter.<\/strong><\/p>\n","protected":false},"excerpt":{"rendered":"<p>Aventure en parachute ascensionnel \u00e0 Hurghada avec vol solo ou en tandem.<\/p>\n","protected":false},"featured_media":1516,"comment_status":"open","ping_status":"closed","template":"","meta":[],"product_brand":[],"product_cat":[54],"product_tag":[],"class_list":{"0":"post-866","1":"product","2":"type-product","3":"status-publish","4":"has-post-thumbnail","6":"product_cat-non-categorise","8":"first","9":"instock","10":"sale","11":"shipping-taxable","12":"purchasable","13":"product-type-simple"},"_links":{"self":[{"href":"https:\/\/maxtourhurghada.com\/fr\/wp-json\/wp\/v2\/product\/866","targetHints":{"allow":["GET"]}}],"collection":[{"href":"https:\/\/maxtourhurghada.com\/fr\/wp-json\/wp\/v2\/product"}],"about":[{"href":"https:\/\/maxtourhurghada.com\/fr\/wp-json\/wp\/v2\/types\/product"}],"replies":[{"embeddable":true,"href":"https:\/\/maxtourhurghada.com\/fr\/wp-json\/wp\/v2\/comments?post=866"}],"wp:featuredmedia":[{"embeddable":true,"href":"https:\/\/maxtourhurghada.com\/fr\/wp-json\/wp\/v2\/media\/1516"}],"wp:attachment":[{"href":"https:\/\/maxtourhurghada.com\/fr\/wp-json\/wp\/v2\/media?parent=866"}],"wp:term":[{"taxonomy":"product_brand","embeddable":true,"href":"https:\/\/maxtourhurghada.com\/fr\/wp-json\/wp\/v2\/product_brand?post=866"},{"taxonomy":"product_cat","embeddable":true,"href":"https:\/\/maxtourhurghada.com\/fr\/wp-json\/wp\/v2\/product_cat?post=866"},{"taxonomy":"product_tag","embeddable":true,"href":"https:\/\/maxtourhurghada.com\/fr\/wp-json\/wp\/v2\/product_tag?post=866"}],"curies":[{"name":"wp","href":"https:\/\/api.w.org\/{rel}","templated":true}]}}