{"id":1473,"date":"2025-12-13T22:55:19","date_gmt":"2025-12-13T22:55:19","guid":{"rendered":"https:\/\/maxtourhurghada.com\/personnalisez-votre-voyage\/"},"modified":"2025-12-13T23:20:42","modified_gmt":"2025-12-13T23:20:42","slug":"personnalisez-votre-voyage","status":"publish","type":"page","link":"https:\/\/maxtourhurghada.com\/fr\/personnalisez-votre-voyage\/","title":{"rendered":"Personnalisez votre voyage"},"content":{"rendered":"\t\t<div data-elementor-type=\"wp-page\" data-elementor-id=\"1473\" class=\"elementor elementor-1473 elementor-1456\" data-elementor-post-type=\"page\">\n\t\t\t\t<div class=\"elementor-element elementor-element-0ceb734 e-con-full e-flex e-con e-parent\" data-id=\"0ceb734\" data-element_type=\"container\" data-e-type=\"container\" data-settings=\"{&quot;background_background&quot;:&quot;classic&quot;}\">\n\t\t<div class=\"elementor-element elementor-element-5f565cb e-con-full e-flex e-con e-child\" data-id=\"5f565cb\" data-element_type=\"container\" data-e-type=\"container\" data-settings=\"{&quot;background_background&quot;:&quot;classic&quot;}\">\n\t\t\t\t<div class=\"elementor-element elementor-element-89ccebb elementor-widget elementor-widget-heading\" data-id=\"89ccebb\" data-element_type=\"widget\" data-e-type=\"widget\" data-widget_type=\"heading.default\">\n\t\t\t\t\t<h3 class=\"elementor-heading-title elementor-size-default\">Personnalisez votre voyage \u2013 Votre journ\u00e9e, votre fa\u00e7on<\/h3>\t\t\t\t<\/div>\n\t\t\t\t<div class=\"elementor-element elementor-element-1bd8339 elementor-widget-divider--view-line elementor-widget elementor-widget-divider\" data-id=\"1bd8339\" data-element_type=\"widget\" data-e-type=\"widget\" data-widget_type=\"divider.default\">\n\t\t\t\t\t\t\t<div class=\"elementor-divider\">\n\t\t\t<span class=\"elementor-divider-separator\">\n\t\t\t\t\t\t<\/span>\n\t\t<\/div>\n\t\t\t\t\t\t<\/div>\n\t\t\t\t<div class=\"elementor-element elementor-element-58b9dd9 elementor-widget elementor-widget-text-editor\" data-id=\"58b9dd9\" data-element_type=\"widget\" data-e-type=\"widget\" data-widget_type=\"text-editor.default\">\n\t\t\t\t\t\t\t\t\t<p style=\"color:#1D184B;\">\nChez <strong>Max Tour Hurghada<\/strong> , nous savons que chaque voyageur a des r\u00eaves diff\u00e9rents. C\u2019est pourquoi nous vous permettons de concevoir votre voyage exactement comme vous le souhaitez. Pas de programmes fixes, juste votre journ\u00e9e parfaite en \u00c9gypte.  \n<\/p>\n\n<p style=\"color:#1D184B;\">\nQue vous planifiez une lune de miel romantique, un voyage priv\u00e9 avec votre famille ou vos amis, une surprise ou une f\u00eate d&rsquo;anniversaire, ou une combinaison de plusieurs activit\u00e9s, nous rendons tout cela possible.\n<\/p>\n\n<h4 style=\"color:#1D184B;\">1. Dites-nous vos souhaits<\/h4>\n<p style=\"color:#1D184B;\">\nPartagez vos id\u00e9es, votre style et le type de journ\u00e9e que vous voulez.\n<\/p>\n\n<h4 style=\"color:#1D184B;\">2. Nous cr\u00e9ons un itin\u00e9raire personnalis\u00e9<\/h4>\n<p style=\"color:#1D184B;\">\nEnti\u00e8rement adapt\u00e9 \u00e0 votre emploi du temps, vos int\u00e9r\u00eats et votre budget.\n<\/p>\n\n<h4 style=\"color:#1D184B;\">3. Profitez d\u2019une exp\u00e9rience sans stress<\/h4>\n<p style=\"color:#1D184B;\">\nNous organisons tout : transport, guide, \u00e9quipement et d\u00e9tails.\n<\/p>\n\n<h4 style=\"color:#1D184B;\">Pourquoi choisir un voyage personnalis\u00e9 ?<\/h4>\n<ul style=\"color:#1D184B;\">\n  <li>Priv\u00e9, flexible et personnel<\/li>\n  <li>Parfait pour les couples, familles et groupes<\/li>\n  <li>Guides anglophones<\/li>\n  <li>Une journ\u00e9e con\u00e7ue uniquement pour vous<\/li>\n<\/ul>\n\n<p style=\"color:#1D184B;\">\nEnvoyez-nous vos souhaits sur <strong>WhatsApp<\/strong>, et nous cr\u00e9erons imm\u00e9diatement votre plan personnalis\u00e9.\n<\/p>\n\t\t\t\t\t\t\t\t<\/div>\n\t\t\t\t<\/div>\n\t\t<div class=\"elementor-element elementor-element-ce9a7d1 e-con-full elementor-hidden-desktop elementor-hidden-tablet elementor-hidden-mobile e-flex e-con e-child\" data-id=\"ce9a7d1\" data-element_type=\"container\" data-e-type=\"container\">\n\t\t\t\t<div class=\"elementor-element elementor-element-0c84b13 elementor-cta--skin-cover elementor-animated-content elementor-bg-transform elementor-bg-transform-zoom-in elementor-widget elementor-widget-call-to-action\" data-id=\"0c84b13\" data-element_type=\"widget\" data-e-type=\"widget\" data-widget_type=\"call-to-action.default\">\n\t\t\t\t\t\t\t<div class=\"elementor-cta\">\n\t\t\t\t\t<div class=\"elementor-cta__bg-wrapper\">\n\t\t\t\t<div class=\"elementor-cta__bg elementor-bg\" style=\"background-image: url(https:\/\/maxtourhurghada.com\/wp-content\/uploads\/2025\/12\/528912949c6dc1b316ecfc761eaf8a51abfdb74424e0c0c09355afa73a150573.avif);\" role=\"img\" aria-label=\"528912949c6dc1b316ecfc761eaf8a51abfdb74424e0c0c09355afa73a150573\"><\/div>\n\t\t\t\t<div class=\"elementor-cta__bg-overlay\"><\/div>\n\t\t\t<\/div>\n\t\t\t\t\t\t\t<div class=\"elementor-cta__content\">\n\t\t\t\t\n\t\t\t\t\t\t\t\t\t<h2 class=\"elementor-cta__title elementor-cta__content-item elementor-content-item elementor-animated-item--grow\">\n\t\t\t\t\t\tNous serions ravis d'avoir de vos nouvelles. \t\t\t\t\t<\/h2>\n\t\t\t\t\n\t\t\t\t\n\t\t\t\t\t\t\t\t\t<div class=\"elementor-cta__button-wrapper elementor-cta__content-item elementor-content-item elementor-animated-item--grow\">\n\t\t\t\t\t<a class=\"elementor-cta__button elementor-button elementor-size-\" href=\"https:\/\/maxtourhurghada.com\/contact-us\/\">\n\t\t\t\t\t\tNous contacter\t\t\t\t\t<\/a>\n\t\t\t\t\t<\/div>\n\t\t\t\t\t\t\t<\/div>\n\t\t\t\t\t\t<\/div>\n\t\t\t\t\t\t<\/div>\n\t\t\t\t<div class=\"elementor-element elementor-element-0c481b9 elementor-cta--skin-cover elementor-animated-content elementor-bg-transform elementor-bg-transform-zoom-in elementor-widget elementor-widget-call-to-action\" data-id=\"0c481b9\" data-element_type=\"widget\" data-e-type=\"widget\" data-widget_type=\"call-to-action.default\">\n\t\t\t\t\t\t\t<div class=\"elementor-cta\">\n\t\t\t\t\t<div class=\"elementor-cta__bg-wrapper\">\n\t\t\t\t<div class=\"elementor-cta__bg elementor-bg\" style=\"background-image: url(https:\/\/maxtourhurghada.com\/wp-content\/uploads\/2025\/12\/9257cb48be45cb228f615550559baac80436074b011939e79db329df1f767ac4-1.avif);\" role=\"img\" aria-label=\"9257cb48be45cb228f615550559baac80436074b011939e79db329df1f767ac4\"><\/div>\n\t\t\t\t<div class=\"elementor-cta__bg-overlay\"><\/div>\n\t\t\t<\/div>\n\t\t\t\t\t\t\t<div class=\"elementor-cta__content\">\n\t\t\t\t\n\t\t\t\t\t\t\t\t\t<h2 class=\"elementor-cta__title elementor-cta__content-item elementor-content-item elementor-animated-item--grow\">\n\t\t\t\t\t\tD\u00e9couvrez-en davantage sur nos voyages vedettes\t\t\t\t\t<\/h2>\n\t\t\t\t\n\t\t\t\t\n\t\t\t\t\t\t\t\t\t<div class=\"elementor-cta__button-wrapper elementor-cta__content-item elementor-content-item elementor-animated-item--grow\">\n\t\t\t\t\t<a class=\"elementor-cta__button elementor-button elementor-size-\" href=\"https:\/\/maxtourhurghada.com\/trips\/\">\n\t\t\t\t\t\tD\u00e9couvrez nos voyages\t\t\t\t\t<\/a>\n\t\t\t\t\t<\/div>\n\t\t\t\t\t\t\t<\/div>\n\t\t\t\t\t\t<\/div>\n\t\t\t\t\t\t<\/div>\n\t\t\t\t<\/div>\n\t\t\t\t<\/div>\n\t\t\t\t<\/div>\n\t\t","protected":false},"excerpt":{"rendered":"<p>Personnalisez votre voyage \u2013 Votre journ\u00e9e, votre fa\u00e7on Chez Max Tour Hurghada , nous savons que chaque voyageur a des r\u00eaves diff\u00e9rents. C\u2019est pourquoi nous vous permettons de concevoir votre voyage exactement comme vous le souhaitez. Pas de programmes fixes, juste votre journ\u00e9e parfaite en \u00c9gypte. Que vous planifiez une lune de miel romantique, un [&hellip;]<\/p>\n","protected":false},"author":2,"featured_media":0,"parent":0,"menu_order":0,"comment_status":"closed","ping_status":"closed","template":"","meta":{"footnotes":""},"class_list":["post-1473","page","type-page","status-publish","hentry"],"_hostinger_reach_plugin_has_subscription_block":false,"_hostinger_reach_plugin_is_elementor":false,"_links":{"self":[{"href":"https:\/\/maxtourhurghada.com\/fr\/wp-json\/wp\/v2\/pages\/1473","targetHints":{"allow":["GET"]}}],"collection":[{"href":"https:\/\/maxtourhurghada.com\/fr\/wp-json\/wp\/v2\/pages"}],"about":[{"href":"https:\/\/maxtourhurghada.com\/fr\/wp-json\/wp\/v2\/types\/page"}],"author":[{"embeddable":true,"href":"https:\/\/maxtourhurghada.com\/fr\/wp-json\/wp\/v2\/users\/2"}],"replies":[{"embeddable":true,"href":"https:\/\/maxtourhurghada.com\/fr\/wp-json\/wp\/v2\/comments?post=1473"}],"version-history":[{"count":1,"href":"https:\/\/maxtourhurghada.com\/fr\/wp-json\/wp\/v2\/pages\/1473\/revisions"}],"predecessor-version":[{"id":1474,"href":"https:\/\/maxtourhurghada.com\/fr\/wp-json\/wp\/v2\/pages\/1473\/revisions\/1474"}],"wp:attachment":[{"href":"https:\/\/maxtourhurghada.com\/fr\/wp-json\/wp\/v2\/media?parent=1473"}],"curies":[{"name":"wp","href":"https:\/\/api.w.org\/{rel}","templated":true}]}}