{"id":1183,"date":"2025-12-11T20:11:53","date_gmt":"2025-12-11T20:11:53","guid":{"rendered":"https:\/\/maxtourhurghada.com\/transferts\/"},"modified":"2025-12-11T21:51:23","modified_gmt":"2025-12-11T21:51:23","slug":"transferts","status":"publish","type":"page","link":"https:\/\/maxtourhurghada.com\/fr\/transferts\/","title":{"rendered":"Transferts"},"content":{"rendered":"\t\t<div data-elementor-type=\"wp-page\" data-elementor-id=\"1183\" class=\"elementor elementor-1183 elementor-1146\" data-elementor-post-type=\"page\">\n\t\t\t\t<div class=\"elementor-element elementor-element-a64e717 e-con-full e-flex e-con e-parent\" data-id=\"a64e717\" data-element_type=\"container\" data-e-type=\"container\" data-settings=\"{&quot;background_background&quot;:&quot;classic&quot;}\">\n\t\t<div class=\"elementor-element elementor-element-fe05c60 e-con-full e-flex e-con e-child\" data-id=\"fe05c60\" data-element_type=\"container\" data-e-type=\"container\" data-settings=\"{&quot;background_background&quot;:&quot;classic&quot;}\">\n\t\t\t\t<div class=\"elementor-element elementor-element-fda0434 elementor-widget elementor-widget-heading\" data-id=\"fda0434\" data-element_type=\"widget\" data-e-type=\"widget\" data-widget_type=\"heading.default\">\n\t\t\t\t\t<h3 class=\"elementor-heading-title elementor-size-default\">Transferts \u2013 Max Tour Hurghada\n<\/h3>\t\t\t\t<\/div>\n\t\t\t\t<div class=\"elementor-element elementor-element-8b9ccdf elementor-widget-divider--view-line elementor-widget elementor-widget-divider\" data-id=\"8b9ccdf\" data-element_type=\"widget\" data-e-type=\"widget\" data-widget_type=\"divider.default\">\n\t\t\t\t\t\t\t<div class=\"elementor-divider\">\n\t\t\t<span class=\"elementor-divider-separator\">\n\t\t\t\t\t\t<\/span>\n\t\t<\/div>\n\t\t\t\t\t\t<\/div>\n\t\t\t\t<div class=\"elementor-element elementor-element-2175b74 elementor-widget elementor-widget-text-editor\" data-id=\"2175b74\" data-element_type=\"widget\" data-e-type=\"widget\" data-widget_type=\"text-editor.default\">\n\t\t\t\t\t\t\t\t\t<div><strong>Chez Max Tour Hurghada, nous vous aidons \u00e0 rejoindre vos circuits facilement, confortablement et en toute s\u00e9curit\u00e9.<\/strong><\/div><div> <\/div><div><strong>Prise en charge et d\u00e9pose \u00e0 l&rsquo;h\u00f4tel<\/strong><\/div><ul><li>Les transferts peuvent \u00eatre facilement organis\u00e9s en indiquant le nom et l&#8217;emplacement de votre h\u00f4tel.<\/li><li>Couvre les h\u00f4tels \u00e0 Hurghada et dans les environs<\/li><li>En dehors d&rsquo;Hurghada ? Pas de probl\u00e8me ! Veuillez nous contacter et nous organiserons le transfert pour vous.<\/li><\/ul><div> <\/div><div><strong>Comment \u00e7a marche ?<\/strong><\/div><ol><li>Indiquez les coordonn\u00e9es de votre h\u00f4tel lors de la r\u00e9servation de votre circuit.<\/li><li>Nous organisons un trajet confortable pour venir vous chercher \u00e0 votre h\u00f4tel.<\/li><li>Apr\u00e8s la visite, vous serez raccompagn\u00e9 en toute s\u00e9curit\u00e9 \u00e0 votre h\u00f4tel.<\/li><\/ol><div> <\/div><div><strong>Pourquoi choisir notre service de transfert ?<\/strong><\/div><ul><li>Transport confortable et fiable<\/li><li>Chauffeurs locaux exp\u00e9riment\u00e9s<\/li><li>S\u00fbr et ponctuel, pour que vous puissiez profiter pleinement de votre visite<\/li><\/ul><div><strong>Pour toute question ou demande particuli\u00e8re concernant les transferts, veuillez nous contacter.<\/strong><\/div>\t\t\t\t\t\t\t\t<\/div>\n\t\t\t\t<\/div>\n\t\t<div class=\"elementor-element elementor-element-d3b8cf1 e-con-full e-flex e-con e-child\" data-id=\"d3b8cf1\" data-element_type=\"container\" data-e-type=\"container\">\n\t\t\t\t<div class=\"elementor-element elementor-element-f9d64d9 elementor-cta--skin-cover elementor-animated-content elementor-bg-transform elementor-bg-transform-zoom-in elementor-widget elementor-widget-call-to-action\" data-id=\"f9d64d9\" data-element_type=\"widget\" data-e-type=\"widget\" data-widget_type=\"call-to-action.default\">\n\t\t\t\t\t\t\t<div class=\"elementor-cta\">\n\t\t\t\t\t<div class=\"elementor-cta__bg-wrapper\">\n\t\t\t\t<div class=\"elementor-cta__bg elementor-bg\" style=\"background-image: url(https:\/\/maxtourhurghada.com\/wp-content\/uploads\/2025\/12\/528912949c6dc1b316ecfc761eaf8a51abfdb74424e0c0c09355afa73a150573.avif);\" role=\"img\" aria-label=\"528912949c6dc1b316ecfc761eaf8a51abfdb74424e0c0c09355afa73a150573\"><\/div>\n\t\t\t\t<div class=\"elementor-cta__bg-overlay\"><\/div>\n\t\t\t<\/div>\n\t\t\t\t\t\t\t<div class=\"elementor-cta__content\">\n\t\t\t\t\n\t\t\t\t\t\t\t\t\t<h2 class=\"elementor-cta__title elementor-cta__content-item elementor-content-item elementor-animated-item--grow\">\n\t\t\t\t\t\tNous serions ravis d'avoir de vos nouvelles. \t\t\t\t\t<\/h2>\n\t\t\t\t\n\t\t\t\t\n\t\t\t\t\t\t\t\t\t<div class=\"elementor-cta__button-wrapper elementor-cta__content-item elementor-content-item elementor-animated-item--grow\">\n\t\t\t\t\t<a class=\"elementor-cta__button elementor-button elementor-size-\" href=\"https:\/\/maxtourhurghada.com\/contact-us\/\">\n\t\t\t\t\t\tNous contacter\t\t\t\t\t<\/a>\n\t\t\t\t\t<\/div>\n\t\t\t\t\t\t\t<\/div>\n\t\t\t\t\t\t<\/div>\n\t\t\t\t\t\t<\/div>\n\t\t\t\t<\/div>\n\t\t\t\t<\/div>\n\t\t\t\t<\/div>\n\t\t","protected":false},"excerpt":{"rendered":"<p>Transferts \u2013 Max Tour Hurghada Chez Max Tour Hurghada, nous vous aidons \u00e0 rejoindre vos circuits facilement, confortablement et en toute s\u00e9curit\u00e9. Prise en charge et d\u00e9pose \u00e0 l&rsquo;h\u00f4tel Les transferts peuvent \u00eatre facilement organis\u00e9s en indiquant le nom et l&#8217;emplacement de votre h\u00f4tel. Couvre les h\u00f4tels \u00e0 Hurghada et dans les environs En dehors [&hellip;]<\/p>\n","protected":false},"author":2,"featured_media":0,"parent":0,"menu_order":0,"comment_status":"closed","ping_status":"closed","template":"","meta":{"footnotes":""},"class_list":["post-1183","page","type-page","status-publish","hentry"],"_hostinger_reach_plugin_has_subscription_block":false,"_hostinger_reach_plugin_is_elementor":false,"_links":{"self":[{"href":"https:\/\/maxtourhurghada.com\/fr\/wp-json\/wp\/v2\/pages\/1183","targetHints":{"allow":["GET"]}}],"collection":[{"href":"https:\/\/maxtourhurghada.com\/fr\/wp-json\/wp\/v2\/pages"}],"about":[{"href":"https:\/\/maxtourhurghada.com\/fr\/wp-json\/wp\/v2\/types\/page"}],"author":[{"embeddable":true,"href":"https:\/\/maxtourhurghada.com\/fr\/wp-json\/wp\/v2\/users\/2"}],"replies":[{"embeddable":true,"href":"https:\/\/maxtourhurghada.com\/fr\/wp-json\/wp\/v2\/comments?post=1183"}],"version-history":[{"count":1,"href":"https:\/\/maxtourhurghada.com\/fr\/wp-json\/wp\/v2\/pages\/1183\/revisions"}],"predecessor-version":[{"id":1184,"href":"https:\/\/maxtourhurghada.com\/fr\/wp-json\/wp\/v2\/pages\/1183\/revisions\/1184"}],"wp:attachment":[{"href":"https:\/\/maxtourhurghada.com\/fr\/wp-json\/wp\/v2\/media?parent=1183"}],"curies":[{"name":"wp","href":"https:\/\/api.w.org\/{rel}","templated":true}]}}