{"id":895,"date":"2025-12-03T10:58:57","date_gmt":"2025-12-03T10:58:57","guid":{"rendered":"https:\/\/maxtourhurghada.com\/Trip\/dolphin-house-ganztagesausflug-hurghada\/"},"modified":"2025-12-14T08:50:37","modified_gmt":"2025-12-14T08:50:37","slug":"dolphin-house-ganztagesausflug-hurghada","status":"publish","type":"product","link":"https:\/\/maxtourhurghada.com\/de\/Trip\/dolphin-house-ganztagesausflug-hurghada\/","title":{"rendered":"Dolphin House \u2013 Ganztagesausflug Hurghada"},"content":{"rendered":"<h2 style=\"color: #1d184b;\">Dolphin House \u2013 Ganztagesausflug Hurghada<\/h2>\n<p>Schwimmen Sie mit Delfinen und erkunden Sie farbenfrohe Riffe<br \/>\nDer Ganztagesausflug zum Dolphin House ist ein einzigartiges und unvergessliches Erlebnis in Hurghada. Dieser Ausflug kombiniert Schnorcheln im Roten Meer, Schwimmen mit verspielten Delfinen in einem sicheren Gebiet und einen ganzen Tag auf einem ger\u00e4umigen und komfortablen Boot. Unter der Leitung von zwei einheimischen Freunden aus Hurghada ist dieser Ausflug so konzipiert, dass Sie ein pers\u00f6nliches und unvergessliches Abenteuer erleben.<br \/>\nMit Musik an Bord, frischem Obst den ganzen Tag \u00fcber, Mittagessen und unbegrenzten Getr\u00e4nken k\u00f6nnen Sie sich entspannen, die Aussicht genie\u00dfen und sich auf das Abenteuer vorbereiten.<br \/>\nDieser Ausflug ist f\u00fcr alle Altersgruppen geeignet und verbindet Erkundung, Entspannung und die seltene Gelegenheit, die Unterwasserwelt des Roten Meeres aus n\u00e4chster N\u00e4he zu erleben.<\/p>\n<h3 style=\"color: #f57a20;\">Reisedetails<\/h3>\n<ul>\n<li>Dauer: 9:00 Uhr \u2013 16:00 Uhr<\/li>\n<li>Tage: Jeden Tag<\/li>\n<li>Ganztagesausflug: ca. 7 Stunden<\/li>\n<\/ul>\n<h3 style=\"color: #1d184b;\">Programm<\/h3>\n<ul>\n<li>Abfahrt vom Yachthafen<\/li>\n<li>Steigen Sie in das Boot und beginnen Sie Ihren aufregenden Tag mit der Erkundung des Roten Meeres.<\/li>\n<li>Schnorcheln \u2013 2 lebhafte Riffgebiete: Entdecken Sie zwei wundersch\u00f6ne Riffgebiete voller bunter Fische, darunter Clownfische, Papageienfische, Kaiserfische und viele mehr. Schnorchelausr\u00fcstung (Maske, Flossen, Schwimmweste) wird gestellt, und Sie werden im Wasser angeleitet.<\/li>\n<li>Auf der Suche nach Delfinen: Wir verbringen den ganzen Tag damit, das Rote Meer zu erkunden, um Delfine zu finden. Sie haben die M\u00f6glichkeit, in einem sicheren Gebiet mit ihnen zu schwimmen, sodass sie niemals gestresst oder gest\u00f6rt werden. So wird das Erlebnis sowohl f\u00fcr Sie als auch f\u00fcr die Delfine angenehm und sicher.<\/li>\n<li>Entspannen auf dem Boot &amp; Mittagessen: W\u00e4hrend der Fahrt k\u00f6nnen Sie sich auf dem ger\u00e4umigen Boot entspannen, die Sonne genie\u00dfen, den Meerblick bewundern und Ihr Mittagsbuffet an Bord mit unbegrenzten Softdrinks, Wasser und frischem Obst genie\u00dfen.<\/li>\n<li>Zur\u00fcck zur Marina<\/li>\n<\/ul>\n<h3 style=\"color: #f57a20;\">Included<\/h3>\n<ul>\n<li>Bootsfahrt mit 2 Schnorchelstopps<\/li>\n<li>Schnorchelausr\u00fcstung<\/li>\n<li>Mittagsbuffet auf dem Boot<\/li>\n<li>Unbegrenzte Getr\u00e4nke und frisches Obst<\/li>\n<li>Anleitung von zwei lokalen Gastgebern<\/li>\n<li>Erlebnis Delfine beobachten in einem sicheren Gebiet<\/li>\n<\/ul>\n<h3 style=\"color: #1d184b;\">Warum uns w\u00e4hlen<\/h3>\n<ul>\n<li>Wir begleiten jede Reise pers\u00f6nlich und teilen mit Leidenschaft unser lokales Wissen und unsere Liebe zum Roten Meer.<\/li>\n<li>Wir sorgen daf\u00fcr, dass sich alle wohl, sicher und begeistert f\u00fchlen, egal ob es ihr erstes Schnorchelerlebnis oder ihre erste Begegnung mit Delfinen ist.<\/li>\n<li>Wir helfen Ihnen dabei, gro\u00dfartige Fotos zu machen, und zeigen Ihnen die besten Orte in der Umgebung.<\/li>\n<li>Auch wenn es sich um ein gr\u00f6\u00dferes Boot handelt, sorgen wir f\u00fcr eine pers\u00f6nliche und freundliche Atmosph\u00e4re, in der jeder Einzelne Aufmerksamkeit und Unterst\u00fctzung erh\u00e4lt.<\/li>\n<li>Unser Ziel ist es, Ihren Tag unvergesslich, entspannt und zu etwas ganz Besonderem zu machen, so als w\u00fcrden Sie den Tag mit Freunden verbringen, denen Ihre Erfahrung am Herzen liegt.<\/li>\n<\/ul>\n<h3 style=\"color: #f57a20;\">Was Sie mitbringen sollten<\/h3>\n<ul>\n<li>Handtuch, Sonnencreme, Sonnenbrille, Hut, Kamera\/GoPro<\/li>\n<\/ul>\n<p><strong>Bei Sonderw\u00fcnschen oder Fragen wenden Sie sich bitte direkt an uns.<\/strong><\/p>\n","protected":false},"excerpt":{"rendered":"<p>Dolphin House Ganztagesausflug mit Schnorcheln, Delfinen und Abenteuer.<\/p>\n","protected":false},"featured_media":1037,"comment_status":"open","ping_status":"closed","template":"","meta":[],"product_brand":[],"product_cat":[55],"product_tag":[],"class_list":{"0":"post-895","1":"product","2":"type-product","3":"status-publish","4":"has-post-thumbnail","6":"product_cat-nicht-kategorisiert","8":"first","9":"instock","10":"shipping-taxable","11":"purchasable","12":"product-type-simple"},"_links":{"self":[{"href":"https:\/\/maxtourhurghada.com\/de\/wp-json\/wp\/v2\/product\/895","targetHints":{"allow":["GET"]}}],"collection":[{"href":"https:\/\/maxtourhurghada.com\/de\/wp-json\/wp\/v2\/product"}],"about":[{"href":"https:\/\/maxtourhurghada.com\/de\/wp-json\/wp\/v2\/types\/product"}],"replies":[{"embeddable":true,"href":"https:\/\/maxtourhurghada.com\/de\/wp-json\/wp\/v2\/comments?post=895"}],"wp:featuredmedia":[{"embeddable":true,"href":"https:\/\/maxtourhurghada.com\/de\/wp-json\/wp\/v2\/media\/1037"}],"wp:attachment":[{"href":"https:\/\/maxtourhurghada.com\/de\/wp-json\/wp\/v2\/media?parent=895"}],"wp:term":[{"taxonomy":"product_brand","embeddable":true,"href":"https:\/\/maxtourhurghada.com\/de\/wp-json\/wp\/v2\/product_brand?post=895"},{"taxonomy":"product_cat","embeddable":true,"href":"https:\/\/maxtourhurghada.com\/de\/wp-json\/wp\/v2\/product_cat?post=895"},{"taxonomy":"product_tag","embeddable":true,"href":"https:\/\/maxtourhurghada.com\/de\/wp-json\/wp\/v2\/product_tag?post=895"}],"curies":[{"name":"wp","href":"https:\/\/api.w.org\/{rel}","templated":true}]}}