{"id":891,"date":"2025-12-03T10:59:06","date_gmt":"2025-12-03T10:59:06","guid":{"rendered":"https:\/\/maxtourhurghada.com\/Trip\/hula-hula-beach-island-ganztagesausflug-hurghada\/"},"modified":"2025-12-14T13:59:30","modified_gmt":"2025-12-14T13:59:30","slug":"hula-hula-beach-island-ganztagesausflug-hurghada","status":"publish","type":"product","link":"https:\/\/maxtourhurghada.com\/de\/Trip\/hula-hula-beach-island-ganztagesausflug-hurghada\/","title":{"rendered":"Hula Hula Beach Island \u2013 Ganztagesausflug Hurghada"},"content":{"rendered":"<h3 style=\"color: #1d184b; text-align: left;\">Hula Hula Beach Island \u2013 Ganztagesausflug \u2013 Hurghada<\/h3>\n<p>Der Ganztagesausflug zur Hula Hula Beach Island bietet ein unterhaltsames, tropisches und stilvolles Stranderlebnis. Genie\u00dfen Sie Musik, Chill-Bereiche und eine entspannte Atmosph\u00e4re, begleitet von zwei Freunden aus der Region, die Ihnen ein herzliches und pers\u00f6nliches Abenteuer bieten.<\/p>\n<h4 style=\"color: #f57a20;\">\u2b50 Reisedetails<\/h4>\n<ul>\n<li><strong>Dauer<\/strong>: 9:00 Uhr \u2013 16:00 Uhr<\/li>\n<li><strong>Tage<\/strong>: T\u00e4glich<\/li>\n<li><strong>Art der Reise<\/strong>: Ganzt\u00e4gig (~7 Stunden)<\/li>\n<\/ul>\n<h4 style=\"color: #1d184b;\">\u2b50 Programm<\/h4>\n<ul>\n<li><strong>Abfahrt vom Yachthafen<\/strong><\/li>\n<li><strong>Schnorcheln \u2013 2 wundersch\u00f6ne Orte<\/strong>: Entdecken Sie farbenfrohe Riffe und verspielte Fischarten. Ausr\u00fcstung und Anleitung inklusive.<\/li>\n<li><strong>Zwei Stunden auf Hula Hula Beach Island<\/strong>: Entspannen Sie sich bei Musik, genie\u00dfen Sie komfortable Lounge-Bereiche, tropische Orte und warmes, flaches Wasser.<\/li>\n<li>Mittagessen auf dem Boot: Mittagsbuffet mit Getr\u00e4nken und frischem Obst.<\/li>\n<li><strong>Zur\u00fcck zur Marina<\/strong><\/li>\n<\/ul>\n<h4 style=\"color: #f57a20;\">\u2b50 Enthalten<\/h4>\n<ul>\n<li>Bootsfahrt<\/li>\n<li>2 Schnorchelstopps<\/li>\n<li>Schnorchelausr\u00fcstung<\/li>\n<li>Mittagessen<\/li>\n<li>Unbegrenzte Getr\u00e4nke &amp; Obst<\/li>\n<li>Lokale Reisef\u00fchrer<\/li>\n<\/ul>\n<h4 style=\"color: #1d184b;\">\u2b50 Warum Sie sich f\u00fcr uns entscheiden sollten<\/h4>\n<ul>\n<li>Pers\u00f6nliche Beratung in freundlicher, entspannter und unterhaltsamer Atmosph\u00e4re<\/li>\n<li>Angenehme Momente zum Entspannen oder Spa\u00df haben mit Musik<\/li>\n<li>Hilfe bei der Suche nach den besten Orten auf der Insel und beim Fotografieren<\/li>\n<\/ul>\n<h4 style=\"color: #f57a20;\">\u2b50 Was Sie mitbringen sollten<\/h4>\n<ul>\n<li>Handtuch<\/li>\n<li>Sonnenschutz<\/li>\n<li>Sonnenbrille und Hut<\/li>\n<li>Kamera oder GoPro<\/li>\n<\/ul>\n<p><strong>Bei Sonderw\u00fcnschen oder Fragen wenden Sie sich bitte direkt an uns.<\/strong><\/p>\n","protected":false},"excerpt":{"rendered":"<p>Hula Hula Beach Ganztagesausflug mit Schnorcheln, Musik und Getr\u00e4nken.<\/p>\n","protected":false},"featured_media":771,"comment_status":"open","ping_status":"closed","template":"","meta":[],"product_brand":[],"product_cat":[55],"product_tag":[],"class_list":{"0":"post-891","1":"product","2":"type-product","3":"status-publish","4":"has-post-thumbnail","6":"product_cat-nicht-kategorisiert","8":"first","9":"instock","10":"sale","11":"shipping-taxable","12":"purchasable","13":"product-type-simple"},"_links":{"self":[{"href":"https:\/\/maxtourhurghada.com\/de\/wp-json\/wp\/v2\/product\/891","targetHints":{"allow":["GET"]}}],"collection":[{"href":"https:\/\/maxtourhurghada.com\/de\/wp-json\/wp\/v2\/product"}],"about":[{"href":"https:\/\/maxtourhurghada.com\/de\/wp-json\/wp\/v2\/types\/product"}],"replies":[{"embeddable":true,"href":"https:\/\/maxtourhurghada.com\/de\/wp-json\/wp\/v2\/comments?post=891"}],"wp:featuredmedia":[{"embeddable":true,"href":"https:\/\/maxtourhurghada.com\/de\/wp-json\/wp\/v2\/media\/771"}],"wp:attachment":[{"href":"https:\/\/maxtourhurghada.com\/de\/wp-json\/wp\/v2\/media?parent=891"}],"wp:term":[{"taxonomy":"product_brand","embeddable":true,"href":"https:\/\/maxtourhurghada.com\/de\/wp-json\/wp\/v2\/product_brand?post=891"},{"taxonomy":"product_cat","embeddable":true,"href":"https:\/\/maxtourhurghada.com\/de\/wp-json\/wp\/v2\/product_cat?post=891"},{"taxonomy":"product_tag","embeddable":true,"href":"https:\/\/maxtourhurghada.com\/de\/wp-json\/wp\/v2\/product_tag?post=891"}],"curies":[{"name":"wp","href":"https:\/\/api.w.org\/{rel}","templated":true}]}}