{"id":878,"date":"2025-12-06T20:02:44","date_gmt":"2025-12-06T20:02:44","guid":{"rendered":"https:\/\/maxtourhurghada.com\/Trip\/ganztaegiger-ausflug-nach-orange-bay-von-hurghada-aus\/"},"modified":"2025-12-14T08:38:28","modified_gmt":"2025-12-14T08:38:28","slug":"ganztaegiger-ausflug-nach-orange-bay-von-hurghada-aus","status":"publish","type":"product","link":"https:\/\/maxtourhurghada.com\/de\/Trip\/ganztaegiger-ausflug-nach-orange-bay-von-hurghada-aus\/","title":{"rendered":"Ganzt\u00e4giger Ausflug nach Orange Bay von Hurghada aus"},"content":{"rendered":"<h2 style=\"color: #1d184b;\">Ganzt\u00e4giger Ausflug zur Orange Bay \u2013 Hurghada<\/h2>\n<p>Der Ganztagesausflug nach Orange Bay ist einer der sch\u00f6nsten Ausfl\u00fcge in Hurghada und<br \/>\nbietet ein unvergessliches Erlebnis, das Schnorcheln, Entspannung auf der Insel und einen unterhaltsamen Tag auf dem Boot kombiniert. Unter der Leitung von zwei lokalen Freunden, die in Hurghada leben, bietet Ihnen diese Reise ein pers\u00f6nliches, entspanntes und unterhaltsames Abenteuer, bei dem Sie das Rote Meer erkunden und versteckte Sch\u00e4tze entdecken k\u00f6nnen.<\/p>\n<p>Mit gro\u00dfartiger Musik an Bord, frischem Obst, das den ganzen Tag \u00fcber serviert wird, und unbegrenzten Getr\u00e4nken<br \/>\nwerden Sie das Gef\u00fchl haben, den Tag mit Freunden zu verbringen, anstatt nur eine gew\u00f6hnliche Tour zu machen. Diese Reise ist f\u00fcr alle Altersgruppen und Erfahrungsstufen geeignet, vom Anf\u00e4nger bis zum erfahrenen Schnorchler.<\/p>\n<h4 style=\"color: #333;\">\u2b50 Reisedetails<\/h4>\n<ul>\n<li><strong>Dauer<\/strong>: 9:00 Uhr \u2013 16:00 Uhr<\/li>\n<li><strong>Tage<\/strong>: T\u00e4glich verf\u00fcgbar<\/li>\n<li>Art der Reise: Ganztagesausflug (ca. 7 Stunden)<\/li>\n<\/ul>\n<h4 style=\"color: #333;\">\u2b50 Programm<\/h4>\n<p><strong>Abfahrt vom Yachthafen<\/strong><br \/>\nGehen Sie an Bord des Bootes und beginnen Sie Ihr Abenteuer, bei dem Sie das wundersch\u00f6ne Rote Meer und seine Umgebung erkunden.<\/p>\n<p><strong>Schnorcheln \u2013 2 Orte<\/strong><br \/>\nEntdecken Sie zwei der besten Riffgebiete in der N\u00e4he von Hurghada. Schwimmen Sie zwischen bunten Meeresbewohnern wie Falterfischen, Papageienfischen, Kaiserfischen, Clownfischen, Wimpelfischen, Doktorfischen, Blaupunktrochen, Picasso-Dr\u00fcckerfischen und vielen anderen. Schnorchelausr\u00fcstung (Maske, Flossen und Schwimmweste) wird gestellt, Anleitung im Wasser ist verf\u00fcgbar.<\/p>\n<p><strong>Zwei Stunden auf Orange Bay Island<\/strong><br \/>\nEntspannen Sie sich auf weichem, wei\u00dfem Sand und schwimmen Sie in kristallklarem, t\u00fcrkisfarbenem Wasser. Machen Sie Fotos, erkunden Sie die tropische Umgebung oder genie\u00dfen Sie einfach die Strandatmosph\u00e4re.<\/p>\n<p>Mittagessen auf dem Boot<br \/>\nGenie\u00dfen Sie ein frisches Mittagsbuffet an Bord mit Meerblick. Softdrinks, Wasser und frisches Obst stehen den ganzen Tag \u00fcber zur Verf\u00fcgung.<\/p>\n<p><strong>R\u00fcckkehr zum Yachthafen<\/strong><br \/>\nNach einem Tag voller Schnorcheln, Entspannung auf der Insel und Spa\u00df kehrt das Boot zum Yachthafen zur\u00fcck.<\/p>\n<h4 style=\"color: #333;\">\u2b50Enthalten<\/h4>\n<ul>\n<li>Bootsfahrt zur Orange Bay mit 2 Schnorchelstopps<\/li>\n<li>Schnorchelausr\u00fcstung (Maske, Flossen und Schwimmweste)<\/li>\n<li>Mittagsbuffet an Bord<\/li>\n<li>Unbegrenzt Softdrinks, Wasser und frisches Obst<\/li>\n<li>Pers\u00f6nliche Betreuung durch zwei lokale Gastgeber<\/li>\n<\/ul>\n<h4 style=\"color: #333;\">\u2b50 Warum Sie sich f\u00fcr uns entscheiden sollten<\/h4>\n<ul>\n<li>Pers\u00f6nliche F\u00fchrung durch zwei lokale Freunde, die in Hurghada leben<\/li>\n<li>Kleine Gruppen f\u00fcr Komfort und Flexibilit\u00e4t<\/li>\n<li>Authentisches lokales Erlebnis am Roten Meer und in Hurghada<\/li>\n<\/ul>\n<h4 style=\"color: #333;\">\u2b50 Was Sie mitbringen m\u00fcssen<\/h4>\n<ul>\n<li>Handtuch<\/li>\n<li>Sonnenschutz<\/li>\n<li>Sonnenbrille und Hut<\/li>\n<li>Kamera oder GoPro<\/li>\n<\/ul>\n<p><strong>Bei Fragen oder Sonderw\u00fcnschen wenden Sie sich bitte direkt an uns.<\/strong><\/p>\n","protected":false},"excerpt":{"rendered":"<p>Entdecken Sie Orange Bay beim Schnorcheln, Entspannen auf der Insel, Mittagessen und unbegrenzten Getr\u00e4nken.<\/p>\n","protected":false},"featured_media":1362,"comment_status":"open","ping_status":"closed","template":"","meta":[],"product_brand":[],"product_cat":[55],"product_tag":[],"class_list":{"0":"post-878","1":"product","2":"type-product","3":"status-publish","4":"has-post-thumbnail","6":"product_cat-nicht-kategorisiert","8":"first","9":"instock","10":"shipping-taxable","11":"purchasable","12":"product-type-simple"},"_links":{"self":[{"href":"https:\/\/maxtourhurghada.com\/de\/wp-json\/wp\/v2\/product\/878","targetHints":{"allow":["GET"]}}],"collection":[{"href":"https:\/\/maxtourhurghada.com\/de\/wp-json\/wp\/v2\/product"}],"about":[{"href":"https:\/\/maxtourhurghada.com\/de\/wp-json\/wp\/v2\/types\/product"}],"replies":[{"embeddable":true,"href":"https:\/\/maxtourhurghada.com\/de\/wp-json\/wp\/v2\/comments?post=878"}],"wp:featuredmedia":[{"embeddable":true,"href":"https:\/\/maxtourhurghada.com\/de\/wp-json\/wp\/v2\/media\/1362"}],"wp:attachment":[{"href":"https:\/\/maxtourhurghada.com\/de\/wp-json\/wp\/v2\/media?parent=878"}],"wp:term":[{"taxonomy":"product_brand","embeddable":true,"href":"https:\/\/maxtourhurghada.com\/de\/wp-json\/wp\/v2\/product_brand?post=878"},{"taxonomy":"product_cat","embeddable":true,"href":"https:\/\/maxtourhurghada.com\/de\/wp-json\/wp\/v2\/product_cat?post=878"},{"taxonomy":"product_tag","embeddable":true,"href":"https:\/\/maxtourhurghada.com\/de\/wp-json\/wp\/v2\/product_tag?post=878"}],"curies":[{"name":"wp","href":"https:\/\/api.w.org\/{rel}","templated":true}]}}