{"id":875,"date":"2025-12-07T09:53:21","date_gmt":"2025-12-07T09:53:21","guid":{"rendered":"https:\/\/maxtourhurghada.com\/Trip\/parasailing-abenteuer-hurghada\/"},"modified":"2025-12-13T21:21:21","modified_gmt":"2025-12-13T21:21:21","slug":"parasailing-abenteuer-hurghada","status":"publish","type":"product","link":"https:\/\/maxtourhurghada.com\/de\/Trip\/parasailing-abenteuer-hurghada\/","title":{"rendered":"Parasailing-Abenteuer \u2013 Hurghada"},"content":{"rendered":"<h2 style=\"color: #1d184b;\">Parasailing-Abenteuer \u2013 Hurghada<\/h2>\n<p><strong><br \/>\nInsgesamt 30 Minuten | Allein oder mit einem Freund fliegen | Steigen Sie 200 Fu\u00df \u00fcber dem Roten Meer auf<\/strong><\/p>\n<p>Erleben Sie den Nervenkitzel, hoch \u00fcber dem Roten Meer zu schweben, bei diesem aufregenden Parasailing-Abenteuer in Hurghada. Gleiten Sie hinter einem Schnellboot her und genie\u00dfen Sie die unglaubliche Aussicht auf das t\u00fcrkisfarbene Wasser, die goldenen Str\u00e4nde und die zerkl\u00fcftete W\u00fcstenk\u00fcste. Ob Sie alleine fliegen oder das Erlebnis mit einem Freund teilen m\u00f6chten, dies ist eine einzigartige M\u00f6glichkeit, Hurghada von oben zu sehen.  <\/p>\n<h3 style=\"color: #f57a20;\">H\u00f6hepunkte<\/h3>\n<ul>\n<li>Fliegen Sie 200 Fu\u00df \u00fcber dem Roten Meer und erleben Sie einen unvergesslichen 15-min\u00fctigen Flug.<\/li>\n<li>Solo- oder Tandemfl\u00fcge \u2013 perfekt f\u00fcr ein pers\u00f6nliches Abenteuer oder zum Teilen mit einem Freund<\/li>\n<li>Sp\u00fcren Sie den Wind, der an Ihnen vorbeirauscht, und die erfrischenden Spritzer des Meeres unter Ihnen.<\/li>\n<li>Genie\u00dfen Sie atemberaubende Ausblicke auf die K\u00fcste, die Str\u00e4nde und die W\u00fcstenlandschaften von Hurghada.<\/li>\n<\/ul>\n<p>Dieses Parasailing-Erlebnis ist perfekt f\u00fcr alle, die Abenteuer, atemberaubende Ausblicke und unvergessliche Erinnerungen suchen. Es ist sicher, einfach und leicht zug\u00e4nglich und somit ideal f\u00fcr Anf\u00e4nger und Abenteuerlustige gleicherma\u00dfen. <\/p>\n<p><strong><br \/>\nWenn Sie Fragen oder Sonderw\u00fcnsche haben, k\u00f6nnen Sie sich gerne an uns wenden.<\/strong><\/p>\n","protected":false},"excerpt":{"rendered":"<p>Parasailing-Abenteuer in Hurghada mit Solo- oder Tandemflug.<\/p>\n","protected":false},"featured_media":1517,"comment_status":"open","ping_status":"closed","template":"","meta":[],"product_brand":[],"product_cat":[55],"product_tag":[],"class_list":{"0":"post-875","1":"product","2":"type-product","3":"status-publish","4":"has-post-thumbnail","6":"product_cat-nicht-kategorisiert","8":"first","9":"instock","10":"sale","11":"shipping-taxable","12":"purchasable","13":"product-type-simple"},"_links":{"self":[{"href":"https:\/\/maxtourhurghada.com\/de\/wp-json\/wp\/v2\/product\/875","targetHints":{"allow":["GET"]}}],"collection":[{"href":"https:\/\/maxtourhurghada.com\/de\/wp-json\/wp\/v2\/product"}],"about":[{"href":"https:\/\/maxtourhurghada.com\/de\/wp-json\/wp\/v2\/types\/product"}],"replies":[{"embeddable":true,"href":"https:\/\/maxtourhurghada.com\/de\/wp-json\/wp\/v2\/comments?post=875"}],"wp:featuredmedia":[{"embeddable":true,"href":"https:\/\/maxtourhurghada.com\/de\/wp-json\/wp\/v2\/media\/1517"}],"wp:attachment":[{"href":"https:\/\/maxtourhurghada.com\/de\/wp-json\/wp\/v2\/media?parent=875"}],"wp:term":[{"taxonomy":"product_brand","embeddable":true,"href":"https:\/\/maxtourhurghada.com\/de\/wp-json\/wp\/v2\/product_brand?post=875"},{"taxonomy":"product_cat","embeddable":true,"href":"https:\/\/maxtourhurghada.com\/de\/wp-json\/wp\/v2\/product_cat?post=875"},{"taxonomy":"product_tag","embeddable":true,"href":"https:\/\/maxtourhurghada.com\/de\/wp-json\/wp\/v2\/product_tag?post=875"}],"curies":[{"name":"wp","href":"https:\/\/api.w.org\/{rel}","templated":true}]}}