{"id":1365,"date":"2025-12-13T11:46:33","date_gmt":"2025-12-13T11:46:33","guid":{"rendered":"https:\/\/maxtourhurghada.com\/?post_type=product&#038;p=1365"},"modified":"2025-12-13T22:00:17","modified_gmt":"2025-12-13T22:00:17","slug":"glasbootfahrt-hurghada-copy","status":"publish","type":"product","link":"https:\/\/maxtourhurghada.com\/de\/Trip\/glasbootfahrt-hurghada-copy\/","title":{"rendered":"Individuell gestaltbare Glasbootfahrt \u2013 Hurghada"},"content":{"rendered":"<h2 style=\"color: #1d184b;\">Individuell gestaltbare Glasbootfahrt \u2013 Hurghada<\/h2>\n<p>Erleben Sie die Sch\u00f6nheit des Roten Meeres wie nie zuvor auf unserer Glasbootfahrt in Hurghada. Genie\u00dfen Sie eine entspannte Reise mit atemberaubenden Unterwasserausblicken, Inselzeit und erfrischenden Getr\u00e4nken.<\/p>\n<h4 style=\"color: #f57a20;\">\u2b50 Reisedetails<\/h4>\n<ul>\n<li>Zeitfenster: 9:00 bis 12:00 Uhr oder 12:00 bis 16:00 Uhr<\/li>\n<\/ul>\n<h4 style=\"color: #1d184b;\">\u2b50 H\u00f6hepunkte der Reise<\/h4>\n<ul>\n<li><strong>Schnorchelstopp:<\/strong> Schwimmen Sie in kristallklarem Wasser und entdecken Sie die farbenfrohe Unterwasserwelt.<\/li>\n<li>Inselbesuch: Entspannen Sie sich und genie\u00dfen Sie die wundersch\u00f6ne Naturlandschaft.<\/li>\n<li><strong>Aussicht vom Glasbodenboot<\/strong>: Beobachten Sie lebhafte Fische und Korallen durch den Glasboden.<\/li>\n<li>Erfrischungen: Frisches Obst und Getr\u00e4nke werden an Bord serviert.<\/li>\n<\/ul>\n<h4 style=\"color: #f57a20;\">\u2b50 Warum Sie sich f\u00fcr uns entscheiden sollten<\/h4>\n<ul>\n<li>Pers\u00f6nlicher und freundlicher Service mit erfahrenen lokalen Reiseleitern<\/li>\n<li>Sichere und komfortable Fahrt mit dem Glasbodenboot<\/li>\n<li>Eine malerische und entspannende Art, das Rote Meer zu erkunden<\/li>\n<\/ul>\n<h4 style=\"color: #1d184b;\">\u2b50 Enthalten<\/h4>\n<ul>\n<li>Schnorchelausr\u00fcstung<\/li>\n<li>Frisches Obst und Getr\u00e4nke<\/li>\n<li>Frisches Obst und Getr\u00e4nke<\/li>\n<li>Besuch einer wundersch\u00f6nen Insel<\/li>\n<\/ul>\n<p><strong>Bei Fragen oder Sonderw\u00fcnschen k\u00f6nnen Sie sich gerne an uns wenden. Wir helfen Ihnen gerne bei der Planung Ihrer perfekten Reise.<\/strong><\/p>\n","protected":false},"excerpt":{"rendered":"<p>Genie\u00dfen Sie die Aussicht vom Glasboot aus, Schnorcheln, einen Inselbesuch und erfrischende Getr\u00e4nke.<\/p>\n","protected":false},"featured_media":1306,"comment_status":"open","ping_status":"closed","template":"","meta":[],"product_brand":[],"product_cat":[61],"product_tag":[],"class_list":{"0":"post-1365","1":"product","2":"type-product","3":"status-publish","4":"has-post-thumbnail","6":"product_cat-sharm","8":"first","9":"instock","10":"sale","11":"shipping-taxable","12":"purchasable","13":"product-type-simple"},"_links":{"self":[{"href":"https:\/\/maxtourhurghada.com\/de\/wp-json\/wp\/v2\/product\/1365","targetHints":{"allow":["GET"]}}],"collection":[{"href":"https:\/\/maxtourhurghada.com\/de\/wp-json\/wp\/v2\/product"}],"about":[{"href":"https:\/\/maxtourhurghada.com\/de\/wp-json\/wp\/v2\/types\/product"}],"replies":[{"embeddable":true,"href":"https:\/\/maxtourhurghada.com\/de\/wp-json\/wp\/v2\/comments?post=1365"}],"wp:featuredmedia":[{"embeddable":true,"href":"https:\/\/maxtourhurghada.com\/de\/wp-json\/wp\/v2\/media\/1306"}],"wp:attachment":[{"href":"https:\/\/maxtourhurghada.com\/de\/wp-json\/wp\/v2\/media?parent=1365"}],"wp:term":[{"taxonomy":"product_brand","embeddable":true,"href":"https:\/\/maxtourhurghada.com\/de\/wp-json\/wp\/v2\/product_brand?post=1365"},{"taxonomy":"product_cat","embeddable":true,"href":"https:\/\/maxtourhurghada.com\/de\/wp-json\/wp\/v2\/product_cat?post=1365"},{"taxonomy":"product_tag","embeddable":true,"href":"https:\/\/maxtourhurghada.com\/de\/wp-json\/wp\/v2\/product_tag?post=1365"}],"curies":[{"name":"wp","href":"https:\/\/api.w.org\/{rel}","templated":true}]}}