{"id":1478,"date":"2025-12-13T22:55:19","date_gmt":"2025-12-13T22:55:19","guid":{"rendered":"https:\/\/maxtourhurghada.com\/gestalten-sie-ihre-reise\/"},"modified":"2025-12-13T23:27:47","modified_gmt":"2025-12-13T23:27:47","slug":"gestalten-sie-ihre-reise","status":"publish","type":"page","link":"https:\/\/maxtourhurghada.com\/de\/gestalten-sie-ihre-reise\/","title":{"rendered":"Gestalten Sie Ihre Reise"},"content":{"rendered":"\t\t<div data-elementor-type=\"wp-page\" data-elementor-id=\"1478\" class=\"elementor elementor-1478 elementor-1456\" data-elementor-post-type=\"page\">\n\t\t\t\t<div class=\"elementor-element elementor-element-0ceb734 e-con-full e-flex e-con e-parent\" data-id=\"0ceb734\" data-element_type=\"container\" data-e-type=\"container\" data-settings=\"{&quot;background_background&quot;:&quot;classic&quot;}\">\n\t\t<div class=\"elementor-element elementor-element-5f565cb e-con-full e-flex e-con e-child\" data-id=\"5f565cb\" data-element_type=\"container\" data-e-type=\"container\" data-settings=\"{&quot;background_background&quot;:&quot;classic&quot;}\">\n\t\t\t\t<div class=\"elementor-element elementor-element-89ccebb elementor-widget elementor-widget-heading\" data-id=\"89ccebb\" data-element_type=\"widget\" data-e-type=\"widget\" data-widget_type=\"heading.default\">\n\t\t\t\t\t<h3 class=\"elementor-heading-title elementor-size-default\">Gestalten Sie Ihre Reise \u2013 Ihr Tag, Ihre Art<\/h3>\t\t\t\t<\/div>\n\t\t\t\t<div class=\"elementor-element elementor-element-1bd8339 elementor-widget-divider--view-line elementor-widget elementor-widget-divider\" data-id=\"1bd8339\" data-element_type=\"widget\" data-e-type=\"widget\" data-widget_type=\"divider.default\">\n\t\t\t\t\t\t\t<div class=\"elementor-divider\">\n\t\t\t<span class=\"elementor-divider-separator\">\n\t\t\t\t\t\t<\/span>\n\t\t<\/div>\n\t\t\t\t\t\t<\/div>\n\t\t\t\t<div class=\"elementor-element elementor-element-58b9dd9 elementor-widget elementor-widget-text-editor\" data-id=\"58b9dd9\" data-element_type=\"widget\" data-e-type=\"widget\" data-widget_type=\"text-editor.default\">\n\t\t\t\t\t\t\t\t\t<p style=\"color:#1D184B;\">\nBei <strong>Max Tour Hurghada<\/strong> wissen wir, dass jeder Reisende unterschiedliche Tr\u00e4ume hat. Deshalb lassen wir Sie Ihre Reise genau so gestalten, wie Sie es m\u00f6chten. Keine festen Programme, nur Ihr perfekter Tag in \u00c4gypten.\n<\/p>\n\n<p style=\"color:#1D184B;\">\nEgal, ob Sie eine romantische Hochzeitsreise, eine private Tour mit Familie oder Freunden, eine \u00dcberraschung oder Geburtstagsfeier oder eine Kombination mehrerer Aktivit\u00e4ten planen \u2013 wir machen alles m\u00f6glich.\n<\/p>\n\n<h4 style=\"color:#1D184B;\">1. Teilen Sie uns Ihre W\u00fcnsche mit<\/h4>\n<p style=\"color:#1D184B;\">\nTeilen Sie uns Ihre Ideen, Ihren Stil und die Art des Tages mit, den Sie w\u00fcnschen.\n<\/p>\n\n<h4 style=\"color:#1D184B;\">2. Wir erstellen einen personalisierten Reiseplan<\/h4>\n<p style=\"color:#1D184B;\">\nVollst\u00e4ndig abgestimmt auf Ihre Zeitplanung, Interessen und Ihr Budget.\n<\/p>\n\n<h4 style=\"color:#1D184B;\">3. Genie\u00dfen Sie ein stressfreies Erlebnis<\/h4>\n<p style=\"color:#1D184B;\">\nWir organisieren alles: Transport, Guide, Ausr\u00fcstung und Details.\n<\/p>\n\n<h4 style=\"color:#1D184B;\">Warum eine individuell gestaltete Reise w\u00e4hlen?<\/h4>\n<ul style=\"color:#1D184B;\">\n  <li>Privat, flexibel und pers\u00f6nlich<\/li>\n  <li>Perfekt f\u00fcr Paare, Familien und Gruppen<\/li>\n  <li>Englischsprachige Guides<\/li>\n  <li>Ein Tag nur f\u00fcr Sie gestaltet<\/li>\n<\/ul>\n\n<p style=\"color:#1D184B;\">\nSenden Sie uns Ihre W\u00fcnsche \u00fcber <strong>WhatsApp<\/strong>, und wir erstellen sofort Ihren personalisierten Plan.\n<\/p>\n\t\t\t\t\t\t\t\t<\/div>\n\t\t\t\t<\/div>\n\t\t<div class=\"elementor-element elementor-element-ce9a7d1 e-con-full elementor-hidden-desktop elementor-hidden-tablet elementor-hidden-mobile e-flex e-con e-child\" data-id=\"ce9a7d1\" data-element_type=\"container\" data-e-type=\"container\">\n\t\t\t\t<div class=\"elementor-element elementor-element-0c84b13 elementor-cta--skin-cover elementor-animated-content elementor-bg-transform elementor-bg-transform-zoom-in elementor-widget elementor-widget-call-to-action\" data-id=\"0c84b13\" data-element_type=\"widget\" data-e-type=\"widget\" data-widget_type=\"call-to-action.default\">\n\t\t\t\t\t\t\t<div class=\"elementor-cta\">\n\t\t\t\t\t<div class=\"elementor-cta__bg-wrapper\">\n\t\t\t\t<div class=\"elementor-cta__bg elementor-bg\" style=\"background-image: url(https:\/\/maxtourhurghada.com\/wp-content\/uploads\/2025\/12\/528912949c6dc1b316ecfc761eaf8a51abfdb74424e0c0c09355afa73a150573.avif);\" role=\"img\" aria-label=\"528912949c6dc1b316ecfc761eaf8a51abfdb74424e0c0c09355afa73a150573\"><\/div>\n\t\t\t\t<div class=\"elementor-cta__bg-overlay\"><\/div>\n\t\t\t<\/div>\n\t\t\t\t\t\t\t<div class=\"elementor-cta__content\">\n\t\t\t\t\n\t\t\t\t\t\t\t\t\t<h2 class=\"elementor-cta__title elementor-cta__content-item elementor-content-item elementor-animated-item--grow\">\n\t\t\t\t\t\tWir w\u00fcrden uns freuen, von Ihnen zu h\u00f6ren. \t\t\t\t\t<\/h2>\n\t\t\t\t\n\t\t\t\t\n\t\t\t\t\t\t\t\t\t<div class=\"elementor-cta__button-wrapper elementor-cta__content-item elementor-content-item elementor-animated-item--grow\">\n\t\t\t\t\t<a class=\"elementor-cta__button elementor-button elementor-size-\" href=\"https:\/\/maxtourhurghada.com\/contact-us\/\">\n\t\t\t\t\t\tKontakt aufnehmen\t\t\t\t\t<\/a>\n\t\t\t\t\t<\/div>\n\t\t\t\t\t\t\t<\/div>\n\t\t\t\t\t\t<\/div>\n\t\t\t\t\t\t<\/div>\n\t\t\t\t<div class=\"elementor-element elementor-element-0c481b9 elementor-cta--skin-cover elementor-animated-content elementor-bg-transform elementor-bg-transform-zoom-in elementor-widget elementor-widget-call-to-action\" data-id=\"0c481b9\" data-element_type=\"widget\" data-e-type=\"widget\" data-widget_type=\"call-to-action.default\">\n\t\t\t\t\t\t\t<div class=\"elementor-cta\">\n\t\t\t\t\t<div class=\"elementor-cta__bg-wrapper\">\n\t\t\t\t<div class=\"elementor-cta__bg elementor-bg\" style=\"background-image: url(https:\/\/maxtourhurghada.com\/wp-content\/uploads\/2025\/12\/9257cb48be45cb228f615550559baac80436074b011939e79db329df1f767ac4-1.avif);\" role=\"img\" aria-label=\"9257cb48be45cb228f615550559baac80436074b011939e79db329df1f767ac4\"><\/div>\n\t\t\t\t<div class=\"elementor-cta__bg-overlay\"><\/div>\n\t\t\t<\/div>\n\t\t\t\t\t\t\t<div class=\"elementor-cta__content\">\n\t\t\t\t\n\t\t\t\t\t\t\t\t\t<h2 class=\"elementor-cta__title elementor-cta__content-item elementor-content-item elementor-animated-item--grow\">\n\t\t\t\t\t\tErfahren Sie mehr \u00fcber unsere empfohlenen Reisen\t\t\t\t\t<\/h2>\n\t\t\t\t\n\t\t\t\t\n\t\t\t\t\t\t\t\t\t<div class=\"elementor-cta__button-wrapper elementor-cta__content-item elementor-content-item elementor-animated-item--grow\">\n\t\t\t\t\t<a class=\"elementor-cta__button elementor-button elementor-size-\" href=\"https:\/\/maxtourhurghada.com\/trips\/\">\n\t\t\t\t\t\tEntdecken Sie unsere Reisen\t\t\t\t\t<\/a>\n\t\t\t\t\t<\/div>\n\t\t\t\t\t\t\t<\/div>\n\t\t\t\t\t\t<\/div>\n\t\t\t\t\t\t<\/div>\n\t\t\t\t<\/div>\n\t\t\t\t<\/div>\n\t\t\t\t<\/div>\n\t\t","protected":false},"excerpt":{"rendered":"<p>Gestalten Sie Ihre Reise \u2013 Ihr Tag, Ihre Art Bei Max Tour Hurghada wissen wir, dass jeder Reisende unterschiedliche Tr\u00e4ume hat. Deshalb lassen wir Sie Ihre Reise genau so gestalten, wie Sie es m\u00f6chten. Keine festen Programme, nur Ihr perfekter Tag in \u00c4gypten. Egal, ob Sie eine romantische Hochzeitsreise, eine private Tour mit Familie oder [&hellip;]<\/p>\n","protected":false},"author":2,"featured_media":0,"parent":0,"menu_order":0,"comment_status":"closed","ping_status":"closed","template":"","meta":{"footnotes":""},"class_list":["post-1478","page","type-page","status-publish","hentry"],"_hostinger_reach_plugin_has_subscription_block":false,"_hostinger_reach_plugin_is_elementor":false,"_links":{"self":[{"href":"https:\/\/maxtourhurghada.com\/de\/wp-json\/wp\/v2\/pages\/1478","targetHints":{"allow":["GET"]}}],"collection":[{"href":"https:\/\/maxtourhurghada.com\/de\/wp-json\/wp\/v2\/pages"}],"about":[{"href":"https:\/\/maxtourhurghada.com\/de\/wp-json\/wp\/v2\/types\/page"}],"author":[{"embeddable":true,"href":"https:\/\/maxtourhurghada.com\/de\/wp-json\/wp\/v2\/users\/2"}],"replies":[{"embeddable":true,"href":"https:\/\/maxtourhurghada.com\/de\/wp-json\/wp\/v2\/comments?post=1478"}],"version-history":[{"count":1,"href":"https:\/\/maxtourhurghada.com\/de\/wp-json\/wp\/v2\/pages\/1478\/revisions"}],"predecessor-version":[{"id":1479,"href":"https:\/\/maxtourhurghada.com\/de\/wp-json\/wp\/v2\/pages\/1478\/revisions\/1479"}],"wp:attachment":[{"href":"https:\/\/maxtourhurghada.com\/de\/wp-json\/wp\/v2\/media?parent=1478"}],"curies":[{"name":"wp","href":"https:\/\/api.w.org\/{rel}","templated":true}]}}