{"id":1185,"date":"2025-12-11T20:11:53","date_gmt":"2025-12-11T20:11:53","guid":{"rendered":"https:\/\/maxtourhurghada.com\/uebertragungen\/"},"modified":"2025-12-11T22:02:44","modified_gmt":"2025-12-11T22:02:44","slug":"uebertragungen","status":"publish","type":"page","link":"https:\/\/maxtourhurghada.com\/de\/uebertragungen\/","title":{"rendered":"\u00dcbertragungen"},"content":{"rendered":"\t\t<div data-elementor-type=\"wp-page\" data-elementor-id=\"1185\" class=\"elementor elementor-1185 elementor-1146\" data-elementor-post-type=\"page\">\n\t\t\t\t<div class=\"elementor-element elementor-element-a64e717 e-con-full e-flex e-con e-parent\" data-id=\"a64e717\" data-element_type=\"container\" data-e-type=\"container\" data-settings=\"{&quot;background_background&quot;:&quot;classic&quot;}\">\n\t\t<div class=\"elementor-element elementor-element-fe05c60 e-con-full e-flex e-con e-child\" data-id=\"fe05c60\" data-element_type=\"container\" data-e-type=\"container\" data-settings=\"{&quot;background_background&quot;:&quot;classic&quot;}\">\n\t\t\t\t<div class=\"elementor-element elementor-element-fda0434 elementor-widget elementor-widget-heading\" data-id=\"fda0434\" data-element_type=\"widget\" data-e-type=\"widget\" data-widget_type=\"heading.default\">\n\t\t\t\t\t<h3 class=\"elementor-heading-title elementor-size-default\">\u00dcbertragungen \u2013 Max Tour Hurghada\n<\/h3>\t\t\t\t<\/div>\n\t\t\t\t<div class=\"elementor-element elementor-element-8b9ccdf elementor-widget-divider--view-line elementor-widget elementor-widget-divider\" data-id=\"8b9ccdf\" data-element_type=\"widget\" data-e-type=\"widget\" data-widget_type=\"divider.default\">\n\t\t\t\t\t\t\t<div class=\"elementor-divider\">\n\t\t\t<span class=\"elementor-divider-separator\">\n\t\t\t\t\t\t<\/span>\n\t\t<\/div>\n\t\t\t\t\t\t<\/div>\n\t\t\t\t<div class=\"elementor-element elementor-element-2175b74 elementor-widget elementor-widget-text-editor\" data-id=\"2175b74\" data-element_type=\"widget\" data-e-type=\"widget\" data-widget_type=\"text-editor.default\">\n\t\t\t\t\t\t\t\t\t<div><strong>Bei Max Tour Hurghada machen wir es Ihnen leicht, Ihre Touren bequem und sicher zu erreichen.<\/strong><\/div><div> <\/div><div><strong>Abholung und R\u00fcckfahrt vom Hotel<\/strong><\/div><ul><li>Transfers k\u00f6nnen ganz einfach organisiert werden, indem Sie den Namen und die Lage Ihres Hotels angeben.<\/li><li>Umfasst Hotels in Hurghada und Umgebung<\/li><li>Au\u00dferhalb von Hurghada? Kein Problem! Bitte kontaktieren Sie uns, wir organisieren den Transfer f\u00fcr Sie.<\/li><\/ul><div> <\/div><div><strong>Wie funktioniert es?<\/strong><\/div><ol><li>Geben Sie bei der Buchung Ihrer Tour Ihre Hotelangaben an.<\/li><li>Wir organisieren eine bequeme Fahrt, um Sie in Ihrem Hotel abzuholen.<\/li><li>Nach der Tour werden Sie sicher zu Ihrem Hotel zur\u00fcckgebracht.<\/li><\/ol><div> <\/div><div><strong>Warum sollten Sie unseren Transferservice w\u00e4hlen?<\/strong><\/div><ul><li>Bequemer und zuverl\u00e4ssiger Transport<\/li><li>Erfahrene lokale Fahrer<\/li><li>Sicher und p\u00fcnktlich, damit Sie Ihre Tour in vollen Z\u00fcgen genie\u00dfen k\u00f6nnen<\/li><\/ul><div><strong>Bei Fragen oder Sonderw\u00fcnschen bez\u00fcglich Transfers wenden Sie sich bitte an uns.<\/strong><\/div>\t\t\t\t\t\t\t\t<\/div>\n\t\t\t\t<\/div>\n\t\t<div class=\"elementor-element elementor-element-d3b8cf1 e-con-full e-flex e-con e-child\" data-id=\"d3b8cf1\" data-element_type=\"container\" data-e-type=\"container\">\n\t\t\t\t<div class=\"elementor-element elementor-element-f9d64d9 elementor-cta--skin-cover elementor-animated-content elementor-bg-transform elementor-bg-transform-zoom-in elementor-widget elementor-widget-call-to-action\" data-id=\"f9d64d9\" data-element_type=\"widget\" data-e-type=\"widget\" data-widget_type=\"call-to-action.default\">\n\t\t\t\t\t\t\t<div class=\"elementor-cta\">\n\t\t\t\t\t<div class=\"elementor-cta__bg-wrapper\">\n\t\t\t\t<div class=\"elementor-cta__bg elementor-bg\" style=\"background-image: url(https:\/\/maxtourhurghada.com\/wp-content\/uploads\/2025\/12\/528912949c6dc1b316ecfc761eaf8a51abfdb74424e0c0c09355afa73a150573.avif);\" role=\"img\" aria-label=\"528912949c6dc1b316ecfc761eaf8a51abfdb74424e0c0c09355afa73a150573\"><\/div>\n\t\t\t\t<div class=\"elementor-cta__bg-overlay\"><\/div>\n\t\t\t<\/div>\n\t\t\t\t\t\t\t<div class=\"elementor-cta__content\">\n\t\t\t\t\n\t\t\t\t\t\t\t\t\t<h2 class=\"elementor-cta__title elementor-cta__content-item elementor-content-item elementor-animated-item--grow\">\n\t\t\t\t\t\tWir w\u00fcrden uns freuen, von Ihnen zu h\u00f6ren. \t\t\t\t\t<\/h2>\n\t\t\t\t\n\t\t\t\t\n\t\t\t\t\t\t\t\t\t<div class=\"elementor-cta__button-wrapper elementor-cta__content-item elementor-content-item elementor-animated-item--grow\">\n\t\t\t\t\t<a class=\"elementor-cta__button elementor-button elementor-size-\" href=\"https:\/\/maxtourhurghada.com\/contact-us\/\">\n\t\t\t\t\t\tKontakt aufnehmen\t\t\t\t\t<\/a>\n\t\t\t\t\t<\/div>\n\t\t\t\t\t\t\t<\/div>\n\t\t\t\t\t\t<\/div>\n\t\t\t\t\t\t<\/div>\n\t\t\t\t<\/div>\n\t\t\t\t<\/div>\n\t\t\t\t<\/div>\n\t\t","protected":false},"excerpt":{"rendered":"<p>\u00dcbertragungen \u2013 Max Tour Hurghada Bei Max Tour Hurghada machen wir es Ihnen leicht, Ihre Touren bequem und sicher zu erreichen. Abholung und R\u00fcckfahrt vom Hotel Transfers k\u00f6nnen ganz einfach organisiert werden, indem Sie den Namen und die Lage Ihres Hotels angeben. Umfasst Hotels in Hurghada und Umgebung Au\u00dferhalb von Hurghada? Kein Problem! Bitte kontaktieren [&hellip;]<\/p>\n","protected":false},"author":2,"featured_media":0,"parent":0,"menu_order":0,"comment_status":"closed","ping_status":"closed","template":"","meta":{"footnotes":""},"class_list":["post-1185","page","type-page","status-publish","hentry"],"_hostinger_reach_plugin_has_subscription_block":false,"_hostinger_reach_plugin_is_elementor":false,"_links":{"self":[{"href":"https:\/\/maxtourhurghada.com\/de\/wp-json\/wp\/v2\/pages\/1185","targetHints":{"allow":["GET"]}}],"collection":[{"href":"https:\/\/maxtourhurghada.com\/de\/wp-json\/wp\/v2\/pages"}],"about":[{"href":"https:\/\/maxtourhurghada.com\/de\/wp-json\/wp\/v2\/types\/page"}],"author":[{"embeddable":true,"href":"https:\/\/maxtourhurghada.com\/de\/wp-json\/wp\/v2\/users\/2"}],"replies":[{"embeddable":true,"href":"https:\/\/maxtourhurghada.com\/de\/wp-json\/wp\/v2\/comments?post=1185"}],"version-history":[{"count":1,"href":"https:\/\/maxtourhurghada.com\/de\/wp-json\/wp\/v2\/pages\/1185\/revisions"}],"predecessor-version":[{"id":1186,"href":"https:\/\/maxtourhurghada.com\/de\/wp-json\/wp\/v2\/pages\/1185\/revisions\/1186"}],"wp:attachment":[{"href":"https:\/\/maxtourhurghada.com\/de\/wp-json\/wp\/v2\/media?parent=1185"}],"curies":[{"name":"wp","href":"https:\/\/api.w.org\/{rel}","templated":true}]}}